{"id":3748,"date":"2026-01-06T19:34:12","date_gmt":"2026-01-06T18:34:12","guid":{"rendered":"http:\/\/agrodrive.pl\/?post_type=product&#038;p=3748"},"modified":"2026-01-06T19:53:03","modified_gmt":"2026-01-06T18:53:03","slug":"nakretka-samokontrujaca-m12-vaderstad","status":"publish","type":"product","link":"https:\/\/agrodrive.pl\/?product=nakretka-samokontrujaca-m12-vaderstad","title":{"rendered":"Nakr\u0119tka samokontruj\u0105ca M12 Vaderstad"},"content":{"rendered":"<p>Pasuje do:<\/p>\n<p>Spirit 400-900S, Rapid 300-400C\/S, NZ Concorde 600-900, Rapid A 500-800S, Carrier 425, Carrier 420-820, Rapid A 400-450S, Rapid A 600-800S, Rapid P 300-450, Carrier 1025-1225, TopDown 300-900, Rapid F 300-450, Carrier Turf 175, Rapid P 600-800, Cultus 300-400, Rapid F 500-800, HJ 38-52, Rollex 450-1020, NZ Aggressive 500-1000, BioDrill BD 360, Cultus 300-620, Swift 400-870, Tempo T 6-7, Spirit 600C, Carrier L\/XL\u00a0425-825, Ferox 500-900<\/p>\n","protected":false},"excerpt":{"rendered":"<p>Nakr\u0119tka samokontruj\u0105ca M12 Vaderstad wykonana z wytrzyma\u0142ego metalu, odpornego na wibracje i odkr\u0119canie.<br \/>\nGwarantuje stabilne po\u0142\u0105czenie element\u00f3w roboczych maszyn Vaderstad, co przek\u0142ada si\u0119 na bezawaryjn\u0105 prac\u0119.<br \/>\nOryginalny produkt zapewnia pe\u0142n\u0105 kompatybilno\u015b\u0107 i prosty monta\u017c.<\/p>\n","protected":false},"featured_media":3778,"comment_status":"open","ping_status":"closed","template":"","meta":{"_bst_post_transparent":"default","_bst_post_title":"","_bst_post_layout":"default","_bst_post_sidebar_id":"","_bst_post_content_style":"default","_bst_post_vertical_padding":"default","_bst_post_feature":"","_bst_post_feature_position":"","_bst_post_header":false,"_bst_post_footer":false},"product_brand":[141],"product_cat":[102],"product_tag":[],"product_brands":[110],"class_list":{"0":"post-3748","1":"product","2":"type-product","3":"status-publish","4":"has-post-thumbnail","6":"product_brand-vaderstad","7":"product_cat-maszyny-uprawowe","8":"product_brands-vaderstad","10":"first","11":"instock","12":"taxable","13":"shipping-taxable","14":"purchasable","15":"product-type-simple","16":"entry","17":"content-bg","18":"loop-entry"},"jetpack_sharing_enabled":true,"_links":{"self":[{"href":"https:\/\/agrodrive.pl\/index.php?rest_route=\/wp\/v2\/product\/3748","targetHints":{"allow":["GET"]}}],"collection":[{"href":"https:\/\/agrodrive.pl\/index.php?rest_route=\/wp\/v2\/product"}],"about":[{"href":"https:\/\/agrodrive.pl\/index.php?rest_route=\/wp\/v2\/types\/product"}],"replies":[{"embeddable":true,"href":"https:\/\/agrodrive.pl\/index.php?rest_route=%2Fwp%2Fv2%2Fcomments&post=3748"}],"wp:featuredmedia":[{"embeddable":true,"href":"https:\/\/agrodrive.pl\/index.php?rest_route=\/wp\/v2\/media\/3778"}],"wp:attachment":[{"href":"https:\/\/agrodrive.pl\/index.php?rest_route=%2Fwp%2Fv2%2Fmedia&parent=3748"}],"wp:term":[{"taxonomy":"product_brand","embeddable":true,"href":"https:\/\/agrodrive.pl\/index.php?rest_route=%2Fwp%2Fv2%2Fproduct_brand&post=3748"},{"taxonomy":"product_cat","embeddable":true,"href":"https:\/\/agrodrive.pl\/index.php?rest_route=%2Fwp%2Fv2%2Fproduct_cat&post=3748"},{"taxonomy":"product_tag","embeddable":true,"href":"https:\/\/agrodrive.pl\/index.php?rest_route=%2Fwp%2Fv2%2Fproduct_tag&post=3748"},{"taxonomy":"product_brands","embeddable":true,"href":"https:\/\/agrodrive.pl\/index.php?rest_route=%2Fwp%2Fv2%2Fproduct_brands&post=3748"}],"curies":[{"name":"wp","href":"https:\/\/api.w.org\/{rel}","templated":true}]}}