{"id":3747,"date":"2026-01-06T19:34:12","date_gmt":"2026-01-06T18:34:12","guid":{"rendered":"http:\/\/agrodrive.pl\/?post_type=product&#038;p=3747"},"modified":"2026-01-06T19:53:51","modified_gmt":"2026-01-06T18:53:51","slug":"zab-brony-vaderstad-spirit-125mm","status":"publish","type":"product","link":"https:\/\/agrodrive.pl\/?product=zab-brony-vaderstad-spirit-125mm","title":{"rendered":"Z\u0105b brony Vaderstad Spirit 125mm"},"content":{"rendered":"<p>Pasuje do:<br \/>\n<br \/>\nInspire 1200S, Inspire 1200C, Spirit R 300S, Spirit 400S, Spirit 800C, Spirit 400C, Parts Catalogue, Spirit 800S, Spirit 600S, Spirit 900S, Spirit 600C, Spirit 900C, Spirit 400-900S, Spirit 400-900S|Spirit 400C, Spirit R 300-400S, Spirit 400C\/S, Spirit 600-900C, Spirit 600-900S, Spirit R 300S<\/p>\n","protected":false},"excerpt":{"rendered":"<p>Z\u0105b brony Vaderstad 125mm wykonany z wysokiej jako\u015bci stali odpornej na \u015bcieranie.<br \/>\nGwarantuje r\u00f3wnomierne spulchnianie gleby i stabiln\u0105 prac\u0119 narz\u0119dzia.<br \/>\nOryginalny element zapewnia \u0142atwy monta\u017c i pe\u0142n\u0105 kompatybilno\u015b\u0107 z bronami Spirit.<\/p>\n","protected":false},"featured_media":3777,"comment_status":"open","ping_status":"closed","template":"","meta":{"_bst_post_transparent":"","_bst_post_title":"","_bst_post_layout":"","_bst_post_sidebar_id":"","_bst_post_content_style":"","_bst_post_vertical_padding":"","_bst_post_feature":"","_bst_post_feature_position":"","_bst_post_header":false,"_bst_post_footer":false},"product_brand":[141],"product_cat":[102],"product_tag":[],"product_brands":[110],"class_list":{"0":"post-3747","1":"product","2":"type-product","3":"status-publish","4":"has-post-thumbnail","6":"product_brand-vaderstad","7":"product_cat-maszyny-uprawowe","8":"product_brands-vaderstad","10":"first","11":"instock","12":"taxable","13":"shipping-taxable","14":"purchasable","15":"product-type-simple","16":"entry","17":"content-bg","18":"loop-entry"},"jetpack_sharing_enabled":true,"_links":{"self":[{"href":"https:\/\/agrodrive.pl\/index.php?rest_route=\/wp\/v2\/product\/3747","targetHints":{"allow":["GET"]}}],"collection":[{"href":"https:\/\/agrodrive.pl\/index.php?rest_route=\/wp\/v2\/product"}],"about":[{"href":"https:\/\/agrodrive.pl\/index.php?rest_route=\/wp\/v2\/types\/product"}],"replies":[{"embeddable":true,"href":"https:\/\/agrodrive.pl\/index.php?rest_route=%2Fwp%2Fv2%2Fcomments&post=3747"}],"wp:featuredmedia":[{"embeddable":true,"href":"https:\/\/agrodrive.pl\/index.php?rest_route=\/wp\/v2\/media\/3777"}],"wp:attachment":[{"href":"https:\/\/agrodrive.pl\/index.php?rest_route=%2Fwp%2Fv2%2Fmedia&parent=3747"}],"wp:term":[{"taxonomy":"product_brand","embeddable":true,"href":"https:\/\/agrodrive.pl\/index.php?rest_route=%2Fwp%2Fv2%2Fproduct_brand&post=3747"},{"taxonomy":"product_cat","embeddable":true,"href":"https:\/\/agrodrive.pl\/index.php?rest_route=%2Fwp%2Fv2%2Fproduct_cat&post=3747"},{"taxonomy":"product_tag","embeddable":true,"href":"https:\/\/agrodrive.pl\/index.php?rest_route=%2Fwp%2Fv2%2Fproduct_tag&post=3747"},{"taxonomy":"product_brands","embeddable":true,"href":"https:\/\/agrodrive.pl\/index.php?rest_route=%2Fwp%2Fv2%2Fproduct_brands&post=3747"}],"curies":[{"name":"wp","href":"https:\/\/api.w.org\/{rel}","templated":true}]}}