{"id":3746,"date":"2026-01-06T19:34:12","date_gmt":"2026-01-06T18:34:12","guid":{"rendered":"http:\/\/agrodrive.pl\/?post_type=product&#038;p=3746"},"modified":"2026-01-06T19:54:03","modified_gmt":"2026-01-06T18:54:03","slug":"opona-vaderstad-400-55-15-5","status":"publish","type":"product","link":"https:\/\/agrodrive.pl\/?product=opona-vaderstad-400-55-15-5","title":{"rendered":"Opona Vaderstad 400\/55-15.5"},"content":{"rendered":"<p>Pasuje do:<br \/>\n<br \/>\nSpirit R 300S, Spirit 400S, Spirit 800C, Spirit 400C, Spirit 900C, Parts Catalogue, Spirit 800S, Spirit 600S, Spirit 900S, Spirit 600C, Spirit 400-900S, Spirit 600-900C, Spirit 600-900S, Spirit 400C\/S<\/p>\n","protected":false},"excerpt":{"rendered":"<p>Opona 400\/55-15.5 to wysokiej jako\u015bci element przeznaczony do maszyn rolniczych Vaderstad.<br \/>\nWytrzyma\u0142a konstrukcja i odpowiedni bie\u017cnik zapewniaj\u0105 optymaln\u0105 przyczepno\u015b\u0107, r\u00f3wnomierne przenoszenie obci\u0105\u017ce\u0144 i stabiln\u0105 jazd\u0119.<br \/>\nOryginalny produkt gwarantuje pe\u0142n\u0105 kompatybilno\u015b\u0107 z maszynami Vaderstad.<\/p>\n","protected":false},"featured_media":3776,"comment_status":"open","ping_status":"closed","template":"","meta":{"_bst_post_transparent":"","_bst_post_title":"","_bst_post_layout":"","_bst_post_sidebar_id":"","_bst_post_content_style":"","_bst_post_vertical_padding":"","_bst_post_feature":"","_bst_post_feature_position":"","_bst_post_header":false,"_bst_post_footer":false},"product_brand":[141],"product_cat":[102],"product_tag":[],"product_brands":[110],"class_list":{"0":"post-3746","1":"product","2":"type-product","3":"status-publish","4":"has-post-thumbnail","6":"product_brand-vaderstad","7":"product_cat-maszyny-uprawowe","8":"product_shipping_class-ciezkie","9":"product_brands-vaderstad","11":"first","12":"instock","13":"taxable","14":"shipping-taxable","15":"purchasable","16":"product-type-simple","17":"entry","18":"content-bg","19":"loop-entry"},"jetpack_sharing_enabled":true,"_links":{"self":[{"href":"https:\/\/agrodrive.pl\/index.php?rest_route=\/wp\/v2\/product\/3746","targetHints":{"allow":["GET"]}}],"collection":[{"href":"https:\/\/agrodrive.pl\/index.php?rest_route=\/wp\/v2\/product"}],"about":[{"href":"https:\/\/agrodrive.pl\/index.php?rest_route=\/wp\/v2\/types\/product"}],"replies":[{"embeddable":true,"href":"https:\/\/agrodrive.pl\/index.php?rest_route=%2Fwp%2Fv2%2Fcomments&post=3746"}],"wp:featuredmedia":[{"embeddable":true,"href":"https:\/\/agrodrive.pl\/index.php?rest_route=\/wp\/v2\/media\/3776"}],"wp:attachment":[{"href":"https:\/\/agrodrive.pl\/index.php?rest_route=%2Fwp%2Fv2%2Fmedia&parent=3746"}],"wp:term":[{"taxonomy":"product_brand","embeddable":true,"href":"https:\/\/agrodrive.pl\/index.php?rest_route=%2Fwp%2Fv2%2Fproduct_brand&post=3746"},{"taxonomy":"product_cat","embeddable":true,"href":"https:\/\/agrodrive.pl\/index.php?rest_route=%2Fwp%2Fv2%2Fproduct_cat&post=3746"},{"taxonomy":"product_tag","embeddable":true,"href":"https:\/\/agrodrive.pl\/index.php?rest_route=%2Fwp%2Fv2%2Fproduct_tag&post=3746"},{"taxonomy":"product_brands","embeddable":true,"href":"https:\/\/agrodrive.pl\/index.php?rest_route=%2Fwp%2Fv2%2Fproduct_brands&post=3746"}],"curies":[{"name":"wp","href":"https:\/\/api.w.org\/{rel}","templated":true}]}}