{"id":3745,"date":"2026-01-06T19:34:12","date_gmt":"2026-01-06T18:34:12","guid":{"rendered":"http:\/\/agrodrive.pl\/?post_type=product&#038;p=3745"},"modified":"2026-01-06T19:54:12","modified_gmt":"2026-01-06T18:54:12","slug":"pret-walek-gumowy-vaderstad","status":"publish","type":"product","link":"https:\/\/agrodrive.pl\/?product=pret-walek-gumowy-vaderstad","title":{"rendered":"Pr\u0119t wa\u0142ek gumowy Vaderstad"},"content":{"rendered":"<p>Wymiar D: 29.5<\/p>\n<p>Pasuje do:<br \/>\n<br \/>\nSpirit 400-900S, Rapid 300-400C\/S, Carrier 420-820, Rapid A 400-450S, Rapid A 600-800S, TopDown 300-900, Carrier 420-500S, Rapid A 400S, Cultus 300-400, Cultus 300-620, Cultus 420-620, Carrier X 425-625, Spirit 600C, Carrier L\/XL 425-825, Spirit 400-900S|Spirit 400C, Rapid A 400-800S, Spirit R 300-400S, Rapid A 600-800C, CarrierDrill 300S, Rapid A 600-800J, Carrier 925-1225|Carrier 925-1225XL, Spirit R 300S, Spirit 600-900C, Opus 400-700, Rapid A 600J, Rapid A 800J, Rapid A 600C, Rapid A 800C, Rapid 400C, Rapid 400S, Rapid A 800S, Rapid A 600S, Rapid 300C, Rapid 300S, Spirit 400S, Spirit 800S, Spirit 600S, Spirit 900S, Cultus 400, Cultus 300, Cultus 350, Rapid 400C, Rapid 300C, Rapid 400S, Rapid A 400S, Rapid A 600S, Rapid A 800S, TopDown 400, Opus 400, TopDown 300, Carrier L\/XL 425-825.<\/p>\n","protected":false},"excerpt":{"rendered":"<p>Pr\u0119t gumowy Vaderstad wykonany z trwa\u0142ej gumy odpornej na \u015bcieranie i odkszta\u0142cenia.<br \/>\nGwarantuje r\u00f3wnomierne ugniatanie gleby i stabilno\u015b\u0107 wa\u0142u podczas pracy.<br \/>\nOryginalny element zapewnia pe\u0142n\u0105 kompatybilno\u015b\u0107 z wa\u0142ami Vaderstad i d\u0142ug\u0105 \u017cywotno\u015b\u0107.<\/p>\n","protected":false},"featured_media":3775,"comment_status":"open","ping_status":"closed","template":"","meta":{"_bst_post_transparent":"","_bst_post_title":"","_bst_post_layout":"","_bst_post_sidebar_id":"","_bst_post_content_style":"","_bst_post_vertical_padding":"","_bst_post_feature":"","_bst_post_feature_position":"","_bst_post_header":false,"_bst_post_footer":false},"product_brand":[141],"product_cat":[102],"product_tag":[],"product_brands":[110],"class_list":{"0":"post-3745","1":"product","2":"type-product","3":"status-publish","4":"has-post-thumbnail","6":"product_brand-vaderstad","7":"product_cat-maszyny-uprawowe","8":"product_brands-vaderstad","10":"first","11":"instock","12":"taxable","13":"shipping-taxable","14":"purchasable","15":"product-type-simple","16":"entry","17":"content-bg","18":"loop-entry"},"jetpack_sharing_enabled":true,"_links":{"self":[{"href":"https:\/\/agrodrive.pl\/index.php?rest_route=\/wp\/v2\/product\/3745","targetHints":{"allow":["GET"]}}],"collection":[{"href":"https:\/\/agrodrive.pl\/index.php?rest_route=\/wp\/v2\/product"}],"about":[{"href":"https:\/\/agrodrive.pl\/index.php?rest_route=\/wp\/v2\/types\/product"}],"replies":[{"embeddable":true,"href":"https:\/\/agrodrive.pl\/index.php?rest_route=%2Fwp%2Fv2%2Fcomments&post=3745"}],"wp:featuredmedia":[{"embeddable":true,"href":"https:\/\/agrodrive.pl\/index.php?rest_route=\/wp\/v2\/media\/3775"}],"wp:attachment":[{"href":"https:\/\/agrodrive.pl\/index.php?rest_route=%2Fwp%2Fv2%2Fmedia&parent=3745"}],"wp:term":[{"taxonomy":"product_brand","embeddable":true,"href":"https:\/\/agrodrive.pl\/index.php?rest_route=%2Fwp%2Fv2%2Fproduct_brand&post=3745"},{"taxonomy":"product_cat","embeddable":true,"href":"https:\/\/agrodrive.pl\/index.php?rest_route=%2Fwp%2Fv2%2Fproduct_cat&post=3745"},{"taxonomy":"product_tag","embeddable":true,"href":"https:\/\/agrodrive.pl\/index.php?rest_route=%2Fwp%2Fv2%2Fproduct_tag&post=3745"},{"taxonomy":"product_brands","embeddable":true,"href":"https:\/\/agrodrive.pl\/index.php?rest_route=%2Fwp%2Fv2%2Fproduct_brands&post=3745"}],"curies":[{"name":"wp","href":"https:\/\/api.w.org\/{rel}","templated":true}]}}