{"id":3742,"date":"2026-01-06T19:34:11","date_gmt":"2026-01-06T18:34:11","guid":{"rendered":"http:\/\/agrodrive.pl\/?post_type=product&#038;p=3742"},"modified":"2026-01-06T19:55:17","modified_gmt":"2026-01-06T18:55:17","slug":"zab-kultywatora-vaderstad-2","status":"publish","type":"product","link":"https:\/\/agrodrive.pl\/?product=zab-kultywatora-vaderstad-2","title":{"rendered":"Z\u0105b kultywatora Vaderstad"},"content":{"rendered":"<p>Pasuje do:<\/p>\n<p>Cultus 300-400, Cultus 300-620, Cultus 420-620, Cultus 400, Cultus 350, Cultus 300<\/p>\n","protected":false},"excerpt":{"rendered":"<p>Popraw wydajno\u015b\u0107 swojego kultywatora Vaderstad!<br \/>\nZ\u0105b roboczy zapewnia r\u00f3wnomierne spulchnienie gleby i bezproblemow\u0105 prac\u0119 w polu.<br \/>\n\ud83d\udc49 Postaw na oryginalne cz\u0119\u015bci Vaderstad i maksymalizuj efektywno\u015b\u0107 ka\u017cdej operacji.<\/p>\n","protected":false},"featured_media":3772,"comment_status":"open","ping_status":"closed","template":"","meta":{"_bst_post_transparent":"default","_bst_post_title":"","_bst_post_layout":"default","_bst_post_sidebar_id":"","_bst_post_content_style":"default","_bst_post_vertical_padding":"default","_bst_post_feature":"","_bst_post_feature_position":"","_bst_post_header":false,"_bst_post_footer":false},"product_brand":[141],"product_cat":[102],"product_tag":[],"product_brands":[110],"class_list":{"0":"post-3742","1":"product","2":"type-product","3":"status-publish","4":"has-post-thumbnail","6":"product_brand-vaderstad","7":"product_cat-maszyny-uprawowe","8":"product_brands-vaderstad","10":"first","11":"instock","12":"taxable","13":"shipping-taxable","14":"purchasable","15":"product-type-simple","16":"entry","17":"content-bg","18":"loop-entry"},"jetpack_sharing_enabled":true,"_links":{"self":[{"href":"https:\/\/agrodrive.pl\/index.php?rest_route=\/wp\/v2\/product\/3742","targetHints":{"allow":["GET"]}}],"collection":[{"href":"https:\/\/agrodrive.pl\/index.php?rest_route=\/wp\/v2\/product"}],"about":[{"href":"https:\/\/agrodrive.pl\/index.php?rest_route=\/wp\/v2\/types\/product"}],"replies":[{"embeddable":true,"href":"https:\/\/agrodrive.pl\/index.php?rest_route=%2Fwp%2Fv2%2Fcomments&post=3742"}],"wp:featuredmedia":[{"embeddable":true,"href":"https:\/\/agrodrive.pl\/index.php?rest_route=\/wp\/v2\/media\/3772"}],"wp:attachment":[{"href":"https:\/\/agrodrive.pl\/index.php?rest_route=%2Fwp%2Fv2%2Fmedia&parent=3742"}],"wp:term":[{"taxonomy":"product_brand","embeddable":true,"href":"https:\/\/agrodrive.pl\/index.php?rest_route=%2Fwp%2Fv2%2Fproduct_brand&post=3742"},{"taxonomy":"product_cat","embeddable":true,"href":"https:\/\/agrodrive.pl\/index.php?rest_route=%2Fwp%2Fv2%2Fproduct_cat&post=3742"},{"taxonomy":"product_tag","embeddable":true,"href":"https:\/\/agrodrive.pl\/index.php?rest_route=%2Fwp%2Fv2%2Fproduct_tag&post=3742"},{"taxonomy":"product_brands","embeddable":true,"href":"https:\/\/agrodrive.pl\/index.php?rest_route=%2Fwp%2Fv2%2Fproduct_brands&post=3742"}],"curies":[{"name":"wp","href":"https:\/\/api.w.org\/{rel}","templated":true}]}}