{"id":3740,"date":"2026-01-06T19:34:11","date_gmt":"2026-01-06T18:34:11","guid":{"rendered":"http:\/\/agrodrive.pl\/?post_type=product&#038;p=3740"},"modified":"2026-01-06T19:55:09","modified_gmt":"2026-01-06T18:55:09","slug":"obudowa-lozyska-piasta-vaderstad-420832","status":"publish","type":"product","link":"https:\/\/agrodrive.pl\/?product=obudowa-lozyska-piasta-vaderstad-420832","title":{"rendered":"Obudowa \u0142o\u017cyska piasta Vaderstad 420832"},"content":{"rendered":"<p>Pasuje do:<\/p>\n<p>Rapid 300-400C\/S, Rapid A 500-800S, Rapid A 400-450S, Rapid A 600-800S, Rapid F 300-450, Carrier Turf 425, Carrier Turf 175, Rapid A 400S, Rapid F 500-800, Cultus 400-500|Cultus Q 400-630, Rapid A 600-800C, Tempo T 6-7, Tempo R 4-12, Tempo R 4-18, Rapid A 400-800S, Tempo L 12-16, Palety, Spirit R 300S, Tempo L 12-24, Rapid A 600-800J, Tempo V 6-12, Tempo F 6-8<\/p>\n","protected":false},"excerpt":{"rendered":"<p>Obudowa \u0142o\u017cyska (piasta) Vaderstad to precyzyjnie wykonany element zapewniaj\u0105cy stabilne osadzenie \u0142o\u017cyska w maszynie.<br \/>\nWykonana z wytrzyma\u0142ego materia\u0142u, odporna na obci\u0105\u017cenia i zu\u017cycie.<br \/>\nOryginalna cz\u0119\u015b\u0107 Vaderstad gwarantuje d\u0142ug\u0105 \u017cywotno\u015b\u0107 i idealne dopasowanie.<\/p>\n","protected":false},"featured_media":3770,"comment_status":"closed","ping_status":"closed","template":"","meta":{"_bst_post_transparent":"default","_bst_post_title":"","_bst_post_layout":"default","_bst_post_sidebar_id":"","_bst_post_content_style":"default","_bst_post_vertical_padding":"default","_bst_post_feature":"","_bst_post_feature_position":"","_bst_post_header":false,"_bst_post_footer":false},"product_brand":[141],"product_cat":[102],"product_tag":[],"product_brands":[110],"class_list":{"0":"post-3740","1":"product","2":"type-product","3":"status-publish","4":"has-post-thumbnail","6":"product_brand-vaderstad","7":"product_cat-maszyny-uprawowe","8":"product_brands-vaderstad","10":"first","11":"instock","12":"purchasable","13":"product-type-simple","14":"entry","15":"content-bg","16":"loop-entry"},"jetpack_sharing_enabled":true,"_links":{"self":[{"href":"https:\/\/agrodrive.pl\/index.php?rest_route=\/wp\/v2\/product\/3740","targetHints":{"allow":["GET"]}}],"collection":[{"href":"https:\/\/agrodrive.pl\/index.php?rest_route=\/wp\/v2\/product"}],"about":[{"href":"https:\/\/agrodrive.pl\/index.php?rest_route=\/wp\/v2\/types\/product"}],"replies":[{"embeddable":true,"href":"https:\/\/agrodrive.pl\/index.php?rest_route=%2Fwp%2Fv2%2Fcomments&post=3740"}],"wp:featuredmedia":[{"embeddable":true,"href":"https:\/\/agrodrive.pl\/index.php?rest_route=\/wp\/v2\/media\/3770"}],"wp:attachment":[{"href":"https:\/\/agrodrive.pl\/index.php?rest_route=%2Fwp%2Fv2%2Fmedia&parent=3740"}],"wp:term":[{"taxonomy":"product_brand","embeddable":true,"href":"https:\/\/agrodrive.pl\/index.php?rest_route=%2Fwp%2Fv2%2Fproduct_brand&post=3740"},{"taxonomy":"product_cat","embeddable":true,"href":"https:\/\/agrodrive.pl\/index.php?rest_route=%2Fwp%2Fv2%2Fproduct_cat&post=3740"},{"taxonomy":"product_tag","embeddable":true,"href":"https:\/\/agrodrive.pl\/index.php?rest_route=%2Fwp%2Fv2%2Fproduct_tag&post=3740"},{"taxonomy":"product_brands","embeddable":true,"href":"https:\/\/agrodrive.pl\/index.php?rest_route=%2Fwp%2Fv2%2Fproduct_brands&post=3740"}],"curies":[{"name":"wp","href":"https:\/\/api.w.org\/{rel}","templated":true}]}}