{"id":3739,"date":"2026-01-06T19:34:11","date_gmt":"2026-01-06T18:34:11","guid":{"rendered":"http:\/\/agrodrive.pl\/?post_type=product&#038;p=3739"},"modified":"2026-01-06T20:59:19","modified_gmt":"2026-01-06T19:59:19","slug":"dysk-wysiewajacy-380mm-vaderstad","status":"publish","type":"product","link":"https:\/\/agrodrive.pl\/?product=dysk-wysiewajacy-380mm-vaderstad","title":{"rendered":"Dysk wysiewaj\u0105cy 380mm Vaderstad"},"content":{"rendered":"<p>Pasuje do:<\/p>\n<p>Tempo F 6, Tempo R 12, Tempo R 4, Tempo R 6, Tempo F 8, Tempo L 12, Tempo L 16, Tempo L 18, Tempo L 24, Tempo V 6, Tempo V 7, Tempo V 8, Tempo V 9, Tempo V 10, Tempo V 11, Tempo V 12, Tempo L 12, Tempo L 16, Tempo L 18, Tempo L 24<\/p>\n","protected":false},"excerpt":{"rendered":"<p>Wytrzyma\u0142y dysk wysiewaj\u0105cy 380\u202fmm Vaderstad zapewnia r\u00f3wnomierne roz\u0142o\u017cenie nasion i minimalizuje straty materia\u0142u.<br \/>\nIdealny do intensywnej pracy w polu, odporny na \u015bcieranie i uszkodzenia.<br \/>\nOryginalna cz\u0119\u015b\u0107 Vaderstad to gwarancja wydajno\u015bci i niezawodno\u015bci.<\/p>\n","protected":false},"featured_media":3769,"comment_status":"closed","ping_status":"closed","template":"","meta":{"_bst_post_transparent":"default","_bst_post_title":"","_bst_post_layout":"default","_bst_post_sidebar_id":"","_bst_post_content_style":"default","_bst_post_vertical_padding":"default","_bst_post_feature":"","_bst_post_feature_position":"","_bst_post_header":false,"_bst_post_footer":false},"product_brand":[141],"product_cat":[102],"product_tag":[],"product_brands":[110],"class_list":{"0":"post-3739","1":"product","2":"type-product","3":"status-publish","4":"has-post-thumbnail","6":"product_brand-vaderstad","7":"product_cat-maszyny-uprawowe","8":"product_brands-vaderstad","10":"first","11":"instock","12":"purchasable","13":"product-type-simple","14":"entry","15":"content-bg","16":"loop-entry"},"jetpack_sharing_enabled":true,"_links":{"self":[{"href":"https:\/\/agrodrive.pl\/index.php?rest_route=\/wp\/v2\/product\/3739","targetHints":{"allow":["GET"]}}],"collection":[{"href":"https:\/\/agrodrive.pl\/index.php?rest_route=\/wp\/v2\/product"}],"about":[{"href":"https:\/\/agrodrive.pl\/index.php?rest_route=\/wp\/v2\/types\/product"}],"replies":[{"embeddable":true,"href":"https:\/\/agrodrive.pl\/index.php?rest_route=%2Fwp%2Fv2%2Fcomments&post=3739"}],"wp:featuredmedia":[{"embeddable":true,"href":"https:\/\/agrodrive.pl\/index.php?rest_route=\/wp\/v2\/media\/3769"}],"wp:attachment":[{"href":"https:\/\/agrodrive.pl\/index.php?rest_route=%2Fwp%2Fv2%2Fmedia&parent=3739"}],"wp:term":[{"taxonomy":"product_brand","embeddable":true,"href":"https:\/\/agrodrive.pl\/index.php?rest_route=%2Fwp%2Fv2%2Fproduct_brand&post=3739"},{"taxonomy":"product_cat","embeddable":true,"href":"https:\/\/agrodrive.pl\/index.php?rest_route=%2Fwp%2Fv2%2Fproduct_cat&post=3739"},{"taxonomy":"product_tag","embeddable":true,"href":"https:\/\/agrodrive.pl\/index.php?rest_route=%2Fwp%2Fv2%2Fproduct_tag&post=3739"},{"taxonomy":"product_brands","embeddable":true,"href":"https:\/\/agrodrive.pl\/index.php?rest_route=%2Fwp%2Fv2%2Fproduct_brands&post=3739"}],"curies":[{"name":"wp","href":"https:\/\/api.w.org\/{rel}","templated":true}]}}