{"id":3725,"date":"2026-01-06T19:33:49","date_gmt":"2026-01-06T18:33:49","guid":{"rendered":"http:\/\/agrodrive.pl\/?post_type=product&#038;p=3725"},"modified":"2026-01-06T19:55:47","modified_gmt":"2026-01-06T18:55:47","slug":"silniczek-sekcji-wysiewajacej-czujnik-vaderstad-231056","status":"publish","type":"product","link":"https:\/\/agrodrive.pl\/?product=silniczek-sekcji-wysiewajacej-czujnik-vaderstad-231056","title":{"rendered":"Silniczek sekcji wysiewaj\u0105cej czujnik Vaderstad 231056"},"content":{"rendered":"<p>Pasuje do:<\/p>\n<p>600S, R 300S, 400S, 400C, 600-900S, 800S, 900S, 600C, 800C, 900C, A 600-800C, A 600C, A 800C, A 600J, A 600-800J, A 800J<\/p>\n","protected":false},"excerpt":{"rendered":"<p>Zwi\u0119ksz efektywno\u015b\u0107 siewu i kontrol\u0119 nad maszyn\u0105! \ud83c\udf31<br \/>\nSilniczek sekcji wysiewaj\u0105cej z czujnikiem Vaderstad zapewnia precyzyjny wysiew i d\u0142ugotrwa\u0142\u0105 eksploatacj\u0119.<br \/>\n\ud83d\udc49 Wybierz oryginalny komponent Vaderstad i pracuj bez ryzyka awarii.<\/p>\n","protected":false},"featured_media":3765,"comment_status":"closed","ping_status":"closed","template":"","meta":{"_bst_post_transparent":"","_bst_post_title":"","_bst_post_layout":"","_bst_post_sidebar_id":"","_bst_post_content_style":"","_bst_post_vertical_padding":"","_bst_post_feature":"","_bst_post_feature_position":"","_bst_post_header":false,"_bst_post_footer":false},"product_brand":[141],"product_cat":[102],"product_tag":[],"product_brands":[110],"class_list":{"0":"post-3725","1":"product","2":"type-product","3":"status-publish","4":"has-post-thumbnail","6":"product_brand-vaderstad","7":"product_cat-maszyny-uprawowe","8":"product_brands-vaderstad","10":"first","11":"instock","12":"purchasable","13":"product-type-simple","14":"entry","15":"content-bg","16":"loop-entry"},"jetpack_sharing_enabled":true,"_links":{"self":[{"href":"https:\/\/agrodrive.pl\/index.php?rest_route=\/wp\/v2\/product\/3725","targetHints":{"allow":["GET"]}}],"collection":[{"href":"https:\/\/agrodrive.pl\/index.php?rest_route=\/wp\/v2\/product"}],"about":[{"href":"https:\/\/agrodrive.pl\/index.php?rest_route=\/wp\/v2\/types\/product"}],"replies":[{"embeddable":true,"href":"https:\/\/agrodrive.pl\/index.php?rest_route=%2Fwp%2Fv2%2Fcomments&post=3725"}],"wp:featuredmedia":[{"embeddable":true,"href":"https:\/\/agrodrive.pl\/index.php?rest_route=\/wp\/v2\/media\/3765"}],"wp:attachment":[{"href":"https:\/\/agrodrive.pl\/index.php?rest_route=%2Fwp%2Fv2%2Fmedia&parent=3725"}],"wp:term":[{"taxonomy":"product_brand","embeddable":true,"href":"https:\/\/agrodrive.pl\/index.php?rest_route=%2Fwp%2Fv2%2Fproduct_brand&post=3725"},{"taxonomy":"product_cat","embeddable":true,"href":"https:\/\/agrodrive.pl\/index.php?rest_route=%2Fwp%2Fv2%2Fproduct_cat&post=3725"},{"taxonomy":"product_tag","embeddable":true,"href":"https:\/\/agrodrive.pl\/index.php?rest_route=%2Fwp%2Fv2%2Fproduct_tag&post=3725"},{"taxonomy":"product_brands","embeddable":true,"href":"https:\/\/agrodrive.pl\/index.php?rest_route=%2Fwp%2Fv2%2Fproduct_brands&post=3725"}],"curies":[{"name":"wp","href":"https:\/\/api.w.org\/{rel}","templated":true}]}}