{"id":3723,"date":"2026-01-06T19:33:48","date_gmt":"2026-01-06T18:33:48","guid":{"rendered":"http:\/\/agrodrive.pl\/?post_type=product&#038;p=3723"},"modified":"2026-01-06T19:57:12","modified_gmt":"2026-01-06T18:57:12","slug":"redlica-nasienna-vaderstad-179593","status":"publish","type":"product","link":"https:\/\/agrodrive.pl\/?product=redlica-nasienna-vaderstad-179593","title":{"rendered":"Redlica nasienna Vaderstad 179593"},"content":{"rendered":"<p>Pasuje do:<\/p>\n<p>Vaderstad Tempo F 6, Tempo F 8, Tempo F 6-8, Tempo R 4, Tempo R 6, Tempo R 12, Tempo R 18, Tempo R 4-18, Tempo T 6, Tempo T 7, Tempo T 6-7, Tempo L 8, Tempo L 10, Tempo L 12, Tempo L 16, Tempo L 18, Tempo L 24, Tempo L 32, Tempo L 12-16, Tempo L 12-24, Tempo V 6, Tempo V 7, Tempo V 8, Tempo V 9, Tempo V 10, Tempo V 11, Tempo V 12, Tempo V 6-12, Proceed V24, Liquid fertiliser<\/p>\n","protected":false},"excerpt":{"rendered":"<p>Redlica nasienna Vaderstad to kluczowy element siewnika, kt\u00f3ry zapewnia dok\u0142adny i stabilny wysiew nasion. Trwa\u0142a konstrukcja i dopasowanie do maszyn Vaderstad gwarantuj\u0105 niezawodn\u0105 prac\u0119 oraz oszcz\u0119dno\u015b\u0107 czasu i materia\u0142u siewnego.<\/p>\n","protected":false},"featured_media":3763,"comment_status":"closed","ping_status":"closed","template":"","meta":{"_bst_post_transparent":"default","_bst_post_title":"","_bst_post_layout":"default","_bst_post_sidebar_id":"","_bst_post_content_style":"default","_bst_post_vertical_padding":"default","_bst_post_feature":"","_bst_post_feature_position":"","_bst_post_header":false,"_bst_post_footer":false},"product_brand":[141],"product_cat":[102],"product_tag":[],"product_brands":[110],"class_list":{"0":"post-3723","1":"product","2":"type-product","3":"status-publish","4":"has-post-thumbnail","6":"product_brand-vaderstad","7":"product_cat-maszyny-uprawowe","8":"product_brands-vaderstad","10":"first","11":"instock","12":"purchasable","13":"product-type-simple","14":"entry","15":"content-bg","16":"loop-entry"},"jetpack_sharing_enabled":true,"_links":{"self":[{"href":"https:\/\/agrodrive.pl\/index.php?rest_route=\/wp\/v2\/product\/3723","targetHints":{"allow":["GET"]}}],"collection":[{"href":"https:\/\/agrodrive.pl\/index.php?rest_route=\/wp\/v2\/product"}],"about":[{"href":"https:\/\/agrodrive.pl\/index.php?rest_route=\/wp\/v2\/types\/product"}],"replies":[{"embeddable":true,"href":"https:\/\/agrodrive.pl\/index.php?rest_route=%2Fwp%2Fv2%2Fcomments&post=3723"}],"wp:featuredmedia":[{"embeddable":true,"href":"https:\/\/agrodrive.pl\/index.php?rest_route=\/wp\/v2\/media\/3763"}],"wp:attachment":[{"href":"https:\/\/agrodrive.pl\/index.php?rest_route=%2Fwp%2Fv2%2Fmedia&parent=3723"}],"wp:term":[{"taxonomy":"product_brand","embeddable":true,"href":"https:\/\/agrodrive.pl\/index.php?rest_route=%2Fwp%2Fv2%2Fproduct_brand&post=3723"},{"taxonomy":"product_cat","embeddable":true,"href":"https:\/\/agrodrive.pl\/index.php?rest_route=%2Fwp%2Fv2%2Fproduct_cat&post=3723"},{"taxonomy":"product_tag","embeddable":true,"href":"https:\/\/agrodrive.pl\/index.php?rest_route=%2Fwp%2Fv2%2Fproduct_tag&post=3723"},{"taxonomy":"product_brands","embeddable":true,"href":"https:\/\/agrodrive.pl\/index.php?rest_route=%2Fwp%2Fv2%2Fproduct_brands&post=3723"}],"curies":[{"name":"wp","href":"https:\/\/api.w.org\/{rel}","templated":true}]}}