{"id":3722,"date":"2026-01-06T19:33:48","date_gmt":"2026-01-06T18:33:48","guid":{"rendered":"http:\/\/agrodrive.pl\/?post_type=product&#038;p=3722"},"modified":"2026-01-06T19:57:00","modified_gmt":"2026-01-06T18:57:00","slug":"redlica-nasienna-vaderstad-170127","status":"publish","type":"product","link":"https:\/\/agrodrive.pl\/?product=redlica-nasienna-vaderstad-170127","title":{"rendered":"Redlica nasienna Vaderstad 170127"},"content":{"rendered":"<p>Pasuje do:<\/p>\n<p>Vaderstad Tempo T 6-7, Tempo R 4-12, Tempo F 6-8<\/p>\n","protected":false},"excerpt":{"rendered":"<p>Zwi\u0119ksz skuteczno\u015b\u0107 siewu dzi\u0119ki redlicy nasiennej Vaderstad! \ud83c\udf3e Solidna konstrukcja i precyzyjne wykonanie gwarantuj\u0105 r\u00f3wnomierne rozmieszczenie nasion i d\u0142ug\u0105 \u017cywotno\u015b\u0107 elementu.<br \/>\n\ud83d\udc49 Zam\u00f3w redlic\u0119 Vaderstad ju\u017c dzi\u015b i zadbaj o najwy\u017csz\u0105 jako\u015b\u0107 wysiewu!<\/p>\n","protected":false},"featured_media":3762,"comment_status":"closed","ping_status":"closed","template":"","meta":{"_bst_post_transparent":"","_bst_post_title":"","_bst_post_layout":"","_bst_post_sidebar_id":"","_bst_post_content_style":"","_bst_post_vertical_padding":"","_bst_post_feature":"","_bst_post_feature_position":"","_bst_post_header":false,"_bst_post_footer":false},"product_brand":[141],"product_cat":[102],"product_tag":[],"product_brands":[110],"class_list":{"0":"post-3722","1":"product","2":"type-product","3":"status-publish","4":"has-post-thumbnail","6":"product_brand-vaderstad","7":"product_cat-maszyny-uprawowe","8":"product_brands-vaderstad","10":"first","11":"onbackorder","12":"purchasable","13":"product-type-simple","14":"entry","15":"content-bg","16":"loop-entry"},"jetpack_sharing_enabled":true,"_links":{"self":[{"href":"https:\/\/agrodrive.pl\/index.php?rest_route=\/wp\/v2\/product\/3722","targetHints":{"allow":["GET"]}}],"collection":[{"href":"https:\/\/agrodrive.pl\/index.php?rest_route=\/wp\/v2\/product"}],"about":[{"href":"https:\/\/agrodrive.pl\/index.php?rest_route=\/wp\/v2\/types\/product"}],"replies":[{"embeddable":true,"href":"https:\/\/agrodrive.pl\/index.php?rest_route=%2Fwp%2Fv2%2Fcomments&post=3722"}],"wp:featuredmedia":[{"embeddable":true,"href":"https:\/\/agrodrive.pl\/index.php?rest_route=\/wp\/v2\/media\/3762"}],"wp:attachment":[{"href":"https:\/\/agrodrive.pl\/index.php?rest_route=%2Fwp%2Fv2%2Fmedia&parent=3722"}],"wp:term":[{"taxonomy":"product_brand","embeddable":true,"href":"https:\/\/agrodrive.pl\/index.php?rest_route=%2Fwp%2Fv2%2Fproduct_brand&post=3722"},{"taxonomy":"product_cat","embeddable":true,"href":"https:\/\/agrodrive.pl\/index.php?rest_route=%2Fwp%2Fv2%2Fproduct_cat&post=3722"},{"taxonomy":"product_tag","embeddable":true,"href":"https:\/\/agrodrive.pl\/index.php?rest_route=%2Fwp%2Fv2%2Fproduct_tag&post=3722"},{"taxonomy":"product_brands","embeddable":true,"href":"https:\/\/agrodrive.pl\/index.php?rest_route=%2Fwp%2Fv2%2Fproduct_brands&post=3722"}],"curies":[{"name":"wp","href":"https:\/\/api.w.org\/{rel}","templated":true}]}}