{"id":3719,"date":"2026-01-06T19:33:48","date_gmt":"2026-01-06T18:33:48","guid":{"rendered":"http:\/\/agrodrive.pl\/?post_type=product&#038;p=3719"},"modified":"2026-01-06T19:56:27","modified_gmt":"2026-01-06T18:56:27","slug":"zab-brony-posiewnej-vaderstad-445067","status":"publish","type":"product","link":"https:\/\/agrodrive.pl\/?product=zab-brony-posiewnej-vaderstad-445067","title":{"rendered":"Z\u0105b brony posiewnej Vaderstad 445067"},"content":{"rendered":"<p>Pasuje do:<\/p>\n<p>Vaderstad Ferox 500ST, Ferox 600T, Ferox 600, Ferox 700, Ferox 900, Ferox 500-900, NZ Aggressive 500ST, NZ Aggressive 600T, NZ Aggressive 600, NZ Aggressive 700, NZ Aggressive 800, NZ Aggressive 900, NZ Aggressive 1000, NZ Aggressive 500-1000, NZ Mounted 500, NZ Mounted 600, NZ Extreme 1250, NZ Extreme 1425, NZ Mini 400-500, Swift 400, Swift 440, Swift 560, Swift 640, Swift 720, Swift 870, Swift 400-870, Carrier 300, Carrier 350, Carrier 400, Carrier XT 425, Carrier XT 525, Carrier XT 625, CarrierDrill 300S, Rapid 300C, Rapid 300S, Rapid 400C, Rapid 400S, Rapid 300-400C\/S, Rapid A 400S, Rapid A 600S, Rapid A 800S, Rapid A 600C, Rapid A 800C, Rapid A 600J, Rapid A 800J, Rapid A 400-450S, Rapid A 400-800S, Rapid A 600-800S, Rapid A 600-800C, Rapid A 600-800J, Spirit 400C, Spirit 400S, Spirit 600C, Spirit 600S, Spirit 800C, Spirit 800S, Spirit 900C, Spirit 900S, Spirit 400C\/S, Spirit 400-900S, Spirit 600-900S, Spirit 600-900C, Spirit R 300S, Spirit R 300-400S, Proceed V24<\/p>\n","protected":false},"excerpt":{"rendered":"<p>Popraw jako\u015b\u0107 uprawy dzi\u0119ki z\u0119bowi brony posiewnej Vaderstad! \ud83c\udf31 Trwa\u0142y i precyzyjnie wykonany element gwarantuje skuteczne spulchnienie i wyr\u00f3wnanie gleby.<br \/>\n\ud83d\udc49 Zam\u00f3w z\u0105b Vaderstad ju\u017c dzi\u015b i zapewnij idealne warunki wzrostu dla swoich upraw!<\/p>\n","protected":false},"featured_media":3759,"comment_status":"closed","ping_status":"closed","template":"","meta":{"_bst_post_transparent":"","_bst_post_title":"","_bst_post_layout":"","_bst_post_sidebar_id":"","_bst_post_content_style":"","_bst_post_vertical_padding":"","_bst_post_feature":"","_bst_post_feature_position":"","_bst_post_header":false,"_bst_post_footer":false},"product_brand":[141],"product_cat":[102],"product_tag":[],"product_brands":[110],"class_list":{"0":"post-3719","1":"product","2":"type-product","3":"status-publish","4":"has-post-thumbnail","6":"product_brand-vaderstad","7":"product_cat-maszyny-uprawowe","8":"product_brands-vaderstad","10":"first","11":"onbackorder","12":"purchasable","13":"product-type-simple","14":"entry","15":"content-bg","16":"loop-entry"},"jetpack_sharing_enabled":true,"_links":{"self":[{"href":"https:\/\/agrodrive.pl\/index.php?rest_route=\/wp\/v2\/product\/3719","targetHints":{"allow":["GET"]}}],"collection":[{"href":"https:\/\/agrodrive.pl\/index.php?rest_route=\/wp\/v2\/product"}],"about":[{"href":"https:\/\/agrodrive.pl\/index.php?rest_route=\/wp\/v2\/types\/product"}],"replies":[{"embeddable":true,"href":"https:\/\/agrodrive.pl\/index.php?rest_route=%2Fwp%2Fv2%2Fcomments&post=3719"}],"wp:featuredmedia":[{"embeddable":true,"href":"https:\/\/agrodrive.pl\/index.php?rest_route=\/wp\/v2\/media\/3759"}],"wp:attachment":[{"href":"https:\/\/agrodrive.pl\/index.php?rest_route=%2Fwp%2Fv2%2Fmedia&parent=3719"}],"wp:term":[{"taxonomy":"product_brand","embeddable":true,"href":"https:\/\/agrodrive.pl\/index.php?rest_route=%2Fwp%2Fv2%2Fproduct_brand&post=3719"},{"taxonomy":"product_cat","embeddable":true,"href":"https:\/\/agrodrive.pl\/index.php?rest_route=%2Fwp%2Fv2%2Fproduct_cat&post=3719"},{"taxonomy":"product_tag","embeddable":true,"href":"https:\/\/agrodrive.pl\/index.php?rest_route=%2Fwp%2Fv2%2Fproduct_tag&post=3719"},{"taxonomy":"product_brands","embeddable":true,"href":"https:\/\/agrodrive.pl\/index.php?rest_route=%2Fwp%2Fv2%2Fproduct_brands&post=3719"}],"curies":[{"name":"wp","href":"https:\/\/api.w.org\/{rel}","templated":true}]}}