{"id":3718,"date":"2026-01-06T19:33:48","date_gmt":"2026-01-06T18:33:48","guid":{"rendered":"http:\/\/agrodrive.pl\/?post_type=product&#038;p=3718"},"modified":"2026-01-06T19:56:06","modified_gmt":"2026-01-06T18:56:06","slug":"nakladka-zeba-wloki-crossboard-prosta-100-mm-vaderstad","status":"publish","type":"product","link":"https:\/\/agrodrive.pl\/?product=nakladka-zeba-wloki-crossboard-prosta-100-mm-vaderstad","title":{"rendered":"Nak\u0142adka z\u0119ba w\u0142\u00f3ki CrossBoard prosta 100 mm Vaderstad"},"content":{"rendered":"<p>Pasuje do:<\/p>\n<p>Vaderstad Carrier XT 425, Carrier XT 525, Carrier XT 625, Ferox 500-900, Ferox 500ST, Ferox 600, Ferox 600T, Ferox 700, Ferox 900, NZ Aggressive 500-1000, NZ Aggressive 600, NZ Aggressive 700, NZ Aggressive 800, NZ Aggressive 900, NZ Aggressive 1000, NZ Exklusiv 500-1100, NZ Favorit 450-600, NZ Galant 600-1100, NZ Intense 450-600, NZ Mini 400-500, NZ Extreme 1250, NZ Extreme 1425, Rapid 300-400C\/S, Rapid F 300-450, Rapid F 500-800, Rapid P 300-450, Rapid P 500-800, Rapid P 600-800, Rapid A 400-450S, Rapid A 500-800S, Swift 400, Swift 440, Swift 560, Swift 640, Swift 720, Swift 870<\/p>\n","protected":false},"excerpt":{"rendered":"<p>Nak\u0142adka z\u0119ba w\u0142\u00f3ki CrossBoard prosta 45 mm Vaderstad to solidna cz\u0119\u015b\u0107 robocza, kt\u00f3ra chroni z\u0105b przed zu\u017cyciem i wspiera r\u00f3wnomiern\u0105 prac\u0119 w\u0142\u00f3ki. Dzi\u0119ki wysokiej jako\u015bci wykonania i dopasowaniu do oryginalnych komponent\u00f3w Vaderstad gwarantuje wieloletni\u0105 niezawodno\u015b\u0107.<\/p>\n","protected":false},"featured_media":3758,"comment_status":"closed","ping_status":"closed","template":"","meta":{"_bst_post_transparent":"","_bst_post_title":"","_bst_post_layout":"","_bst_post_sidebar_id":"","_bst_post_content_style":"","_bst_post_vertical_padding":"","_bst_post_feature":"","_bst_post_feature_position":"","_bst_post_header":false,"_bst_post_footer":false},"product_brand":[141],"product_cat":[102],"product_tag":[],"product_brands":[110],"class_list":{"0":"post-3718","1":"product","2":"type-product","3":"status-publish","4":"has-post-thumbnail","6":"product_brand-vaderstad","7":"product_cat-maszyny-uprawowe","8":"product_brands-vaderstad","10":"first","11":"onbackorder","12":"purchasable","13":"product-type-simple","14":"entry","15":"content-bg","16":"loop-entry"},"jetpack_sharing_enabled":true,"_links":{"self":[{"href":"https:\/\/agrodrive.pl\/index.php?rest_route=\/wp\/v2\/product\/3718","targetHints":{"allow":["GET"]}}],"collection":[{"href":"https:\/\/agrodrive.pl\/index.php?rest_route=\/wp\/v2\/product"}],"about":[{"href":"https:\/\/agrodrive.pl\/index.php?rest_route=\/wp\/v2\/types\/product"}],"replies":[{"embeddable":true,"href":"https:\/\/agrodrive.pl\/index.php?rest_route=%2Fwp%2Fv2%2Fcomments&post=3718"}],"wp:featuredmedia":[{"embeddable":true,"href":"https:\/\/agrodrive.pl\/index.php?rest_route=\/wp\/v2\/media\/3758"}],"wp:attachment":[{"href":"https:\/\/agrodrive.pl\/index.php?rest_route=%2Fwp%2Fv2%2Fmedia&parent=3718"}],"wp:term":[{"taxonomy":"product_brand","embeddable":true,"href":"https:\/\/agrodrive.pl\/index.php?rest_route=%2Fwp%2Fv2%2Fproduct_brand&post=3718"},{"taxonomy":"product_cat","embeddable":true,"href":"https:\/\/agrodrive.pl\/index.php?rest_route=%2Fwp%2Fv2%2Fproduct_cat&post=3718"},{"taxonomy":"product_tag","embeddable":true,"href":"https:\/\/agrodrive.pl\/index.php?rest_route=%2Fwp%2Fv2%2Fproduct_tag&post=3718"},{"taxonomy":"product_brands","embeddable":true,"href":"https:\/\/agrodrive.pl\/index.php?rest_route=%2Fwp%2Fv2%2Fproduct_brands&post=3718"}],"curies":[{"name":"wp","href":"https:\/\/api.w.org\/{rel}","templated":true}]}}