{"id":3717,"date":"2026-01-06T19:33:48","date_gmt":"2026-01-06T18:33:48","guid":{"rendered":"http:\/\/agrodrive.pl\/?post_type=product&#038;p=3717"},"modified":"2026-01-06T19:56:15","modified_gmt":"2026-01-06T18:56:15","slug":"nakladka-zeba-wloki-crossboard-prosta-45-mm-vaderstad","status":"publish","type":"product","link":"https:\/\/agrodrive.pl\/?product=nakladka-zeba-wloki-crossboard-prosta-45-mm-vaderstad","title":{"rendered":"Nak\u0142adka z\u0119ba w\u0142\u00f3ki CrossBoard prosta 45 mm Vaderstad"},"content":{"rendered":"<p>Pasuje do:<\/p>\n<p>Vaderstad CarrierDrill 300S, Cultus 400-500, Cultus Q 400-630, Inspire 1200C, Inspire 1200S, NZ Extreme 1250, NZ Extreme 1425, Rapid 300C, Rapid 300S, Rapid 300-400C\/S, Rapid 400C, Rapid 400S, Rapid A 400-450S, Rapid A 400-800S, Rapid A 400S, Rapid A 500-800S, Rapid A 600-800C, Rapid A 600-800J, Rapid A 600-800S, Rapid A 600J, Rapid A 600S, Rapid A 800J, Rapid A 800S, Rapid F 300-450, Rapid F 500-800, Rapid P 300-450, Rapid P 500-800, Rapid P 600-800, Swift 400, Swift 440, Swift 560, Swift 640, Swift 720, Swift 870, Tempo F 6, Tempo F 6-8, Tempo F 8, Tempo T 6-7<\/p>\n","protected":false},"excerpt":{"rendered":"<p>Nak\u0142adka z\u0119ba w\u0142\u00f3ki CrossBoard prosta 45 mm Vaderstad to oryginalny element roboczy stosowany w systemie wyr\u00f3wnuj\u0105cym CrossBoard. Wykonana z hartowanej stali, zapewnia odporno\u015b\u0107 na \u015bcieranie, precyzyjne prowadzenie po powierzchni gleby i d\u0142ug\u0105 \u017cywotno\u015b\u0107. Idealnie dopasowana do maszyn Vaderstad.<\/p>\n","protected":false},"featured_media":3757,"comment_status":"closed","ping_status":"closed","template":"","meta":{"_bst_post_transparent":"","_bst_post_title":"","_bst_post_layout":"","_bst_post_sidebar_id":"","_bst_post_content_style":"","_bst_post_vertical_padding":"","_bst_post_feature":"","_bst_post_feature_position":"","_bst_post_header":false,"_bst_post_footer":false},"product_brand":[141],"product_cat":[102],"product_tag":[],"product_brands":[110],"class_list":{"0":"post-3717","1":"product","2":"type-product","3":"status-publish","4":"has-post-thumbnail","6":"product_brand-vaderstad","7":"product_cat-maszyny-uprawowe","8":"product_brands-vaderstad","10":"first","11":"onbackorder","12":"purchasable","13":"product-type-simple","14":"entry","15":"content-bg","16":"loop-entry"},"jetpack_sharing_enabled":true,"_links":{"self":[{"href":"https:\/\/agrodrive.pl\/index.php?rest_route=\/wp\/v2\/product\/3717","targetHints":{"allow":["GET"]}}],"collection":[{"href":"https:\/\/agrodrive.pl\/index.php?rest_route=\/wp\/v2\/product"}],"about":[{"href":"https:\/\/agrodrive.pl\/index.php?rest_route=\/wp\/v2\/types\/product"}],"replies":[{"embeddable":true,"href":"https:\/\/agrodrive.pl\/index.php?rest_route=%2Fwp%2Fv2%2Fcomments&post=3717"}],"wp:featuredmedia":[{"embeddable":true,"href":"https:\/\/agrodrive.pl\/index.php?rest_route=\/wp\/v2\/media\/3757"}],"wp:attachment":[{"href":"https:\/\/agrodrive.pl\/index.php?rest_route=%2Fwp%2Fv2%2Fmedia&parent=3717"}],"wp:term":[{"taxonomy":"product_brand","embeddable":true,"href":"https:\/\/agrodrive.pl\/index.php?rest_route=%2Fwp%2Fv2%2Fproduct_brand&post=3717"},{"taxonomy":"product_cat","embeddable":true,"href":"https:\/\/agrodrive.pl\/index.php?rest_route=%2Fwp%2Fv2%2Fproduct_cat&post=3717"},{"taxonomy":"product_tag","embeddable":true,"href":"https:\/\/agrodrive.pl\/index.php?rest_route=%2Fwp%2Fv2%2Fproduct_tag&post=3717"},{"taxonomy":"product_brands","embeddable":true,"href":"https:\/\/agrodrive.pl\/index.php?rest_route=%2Fwp%2Fv2%2Fproduct_brands&post=3717"}],"curies":[{"name":"wp","href":"https:\/\/api.w.org\/{rel}","templated":true}]}}