{"id":3716,"date":"2026-01-06T19:33:47","date_gmt":"2026-01-06T18:33:47","guid":{"rendered":"http:\/\/agrodrive.pl\/?post_type=product&#038;p=3716"},"modified":"2026-01-06T19:57:31","modified_gmt":"2026-01-06T18:57:31","slug":"nakladka-zeba-wloki-150-mm-vaderstad","status":"publish","type":"product","link":"https:\/\/agrodrive.pl\/?product=nakladka-zeba-wloki-150-mm-vaderstad","title":{"rendered":"Nak\u0142adka z\u0119ba w\u0142\u00f3ki 150 mm Vaderstad"},"content":{"rendered":"<p>Pasuje do:<\/p>\n<p>Vaderstad Carrier 300, Carrier 300-400, Carrier 350, Carrier 400, Carrier 420, Carrier 420-500S, Carrier 420-820, Carrier 425, Carrier 500, Carrier 650, Carrier 925, Carrier 925-1225, Carrier 925-1225XL, Carrier L\/XL 425-825, Carrier XL 425, Carrier XL 525, Carrier XL 625, Carrier XL 725, Carrier XT 425, Carrier XT 525, Carrier XT 625, CarrierDrill 300S, Ferox 500-900, Ferox 600, Ferox 700, Ferox 900, Front-Tiller 300-400, NZ Aggressive 500-1000, NZ Aggressive 600, NZ Aggressive 700, NZ Aggressive 800, NZ Aggressive 900, NZ Aggressive 1000, NZ Extreme 1250, NZ Extreme 1425, Rapid 300C, Rapid 300S, Rapid 300-400C\/S, Rapid 400C, Rapid 400S, Rapid A 400S, Rapid A 400-800S, Rapid A 600C, Rapid A 600J, Rapid A 600S, Rapid A 600-800C, Rapid A 600-800J, Rapid A 600-800S, Rapid A 800C, Rapid A 800J, Rapid A 800S, Rexius 500-1230, Rexius 650, Rexius 820, Rexius 940, Rexius 1020, Rexius 1230, RexiusTwin 450, RexiusTwin 450-1030, RexiusTwin 550, RexiusTwin 630, RexiusTwin 830, RexiusTwin 1030, Rollex 450, Rollex 450-1020, Rollex 510, Rollex 620, Spirit 400C, Spirit 400C\/S, Spirit 400S, Spirit 400-900S, Spirit 600C, Spirit 600S, Spirit 600-900S, Spirit 800S, Spirit 900S<\/p>\n","protected":false},"excerpt":{"rendered":"<p>Nak\u0142adka z\u0119ba w\u0142\u00f3ki 150 mm Vaderstad to oryginalny element roboczy chroni\u0105cy z\u0105b w\u0142\u00f3ki przed zu\u017cyciem. Wykonana z hartowanej stali o wysokiej odporno\u015bci na \u015bcieranie, gwarantuje d\u0142ug\u0105 \u017cywotno\u015b\u0107 i skuteczne wyr\u00f3wnywanie gleby po siewie. Idealnie dopasowana do maszyn Vaderstad.<\/p>\n","protected":false},"featured_media":3756,"comment_status":"closed","ping_status":"closed","template":"","meta":{"_bst_post_transparent":"","_bst_post_title":"","_bst_post_layout":"","_bst_post_sidebar_id":"","_bst_post_content_style":"","_bst_post_vertical_padding":"","_bst_post_feature":"","_bst_post_feature_position":"","_bst_post_header":false,"_bst_post_footer":false},"product_brand":[141],"product_cat":[102],"product_tag":[],"product_brands":[110],"class_list":{"0":"post-3716","1":"product","2":"type-product","3":"status-publish","4":"has-post-thumbnail","6":"product_brand-vaderstad","7":"product_cat-maszyny-uprawowe","8":"product_brands-vaderstad","10":"first","11":"onbackorder","12":"purchasable","13":"product-type-simple","14":"entry","15":"content-bg","16":"loop-entry"},"jetpack_sharing_enabled":true,"_links":{"self":[{"href":"https:\/\/agrodrive.pl\/index.php?rest_route=\/wp\/v2\/product\/3716","targetHints":{"allow":["GET"]}}],"collection":[{"href":"https:\/\/agrodrive.pl\/index.php?rest_route=\/wp\/v2\/product"}],"about":[{"href":"https:\/\/agrodrive.pl\/index.php?rest_route=\/wp\/v2\/types\/product"}],"replies":[{"embeddable":true,"href":"https:\/\/agrodrive.pl\/index.php?rest_route=%2Fwp%2Fv2%2Fcomments&post=3716"}],"wp:featuredmedia":[{"embeddable":true,"href":"https:\/\/agrodrive.pl\/index.php?rest_route=\/wp\/v2\/media\/3756"}],"wp:attachment":[{"href":"https:\/\/agrodrive.pl\/index.php?rest_route=%2Fwp%2Fv2%2Fmedia&parent=3716"}],"wp:term":[{"taxonomy":"product_brand","embeddable":true,"href":"https:\/\/agrodrive.pl\/index.php?rest_route=%2Fwp%2Fv2%2Fproduct_brand&post=3716"},{"taxonomy":"product_cat","embeddable":true,"href":"https:\/\/agrodrive.pl\/index.php?rest_route=%2Fwp%2Fv2%2Fproduct_cat&post=3716"},{"taxonomy":"product_tag","embeddable":true,"href":"https:\/\/agrodrive.pl\/index.php?rest_route=%2Fwp%2Fv2%2Fproduct_tag&post=3716"},{"taxonomy":"product_brands","embeddable":true,"href":"https:\/\/agrodrive.pl\/index.php?rest_route=%2Fwp%2Fv2%2Fproduct_brands&post=3716"}],"curies":[{"name":"wp","href":"https:\/\/api.w.org\/{rel}","templated":true}]}}