{"id":3702,"date":"2026-01-06T19:33:26","date_gmt":"2026-01-06T18:33:26","guid":{"rendered":"http:\/\/agrodrive.pl\/?post_type=product&#038;p=3702"},"modified":"2026-01-06T20:23:13","modified_gmt":"2026-01-06T19:23:13","slug":"plaskownik-roboczy-crossboard-zakrzywiony-45-mm-vaderstad","status":"publish","type":"product","link":"https:\/\/agrodrive.pl\/?product=plaskownik-roboczy-crossboard-zakrzywiony-45-mm-vaderstad","title":{"rendered":"P\u0142askownik roboczy CrossBoard zakrzywiony 45 mm Vaderstad"},"content":{"rendered":"<p>Pasuje do:<\/p>\n<p>Vaderstad Ferox 500ST, Ferox 600T, Ferox 600, Ferox 700, Ferox 900, NZ Extreme 1250, NZ Extreme 1425, Swift 400, Swift 440, Swift 560, Swift 640, Swift 720, Swift 870, Rapid 30C\/S\/M, Rapid 300-400C\/S, Rapid A 400-450S, Rapid A 500-800S, Rapid A 600-800C, Rapid F 300-450, Rapid F 500-800, Rapid P 300-450, Rapid P 600-800, Swift 400-870<\/p>\n","protected":false},"excerpt":{"rendered":"<p>P\u0142askownik roboczy CrossBoard zakrzywiony 45 mm Vaderstad to oryginalny element roboczy systemu CrossBoard, przeznaczony do intensywnego wyr\u00f3wnywania gleby. Wykonany z hartowanej stali, gwarantuje wysok\u0105 odporno\u015b\u0107 na \u015bcieranie i d\u0142ug\u0105 \u017cywotno\u015b\u0107. Zakrzywiony profil umo\u017cliwia r\u00f3wn\u0105 prac\u0119 nawet na ci\u0119\u017ckich glebach.<\/p>\n","protected":false},"featured_media":3754,"comment_status":"closed","ping_status":"closed","template":"","meta":{"_bst_post_transparent":"","_bst_post_title":"","_bst_post_layout":"","_bst_post_sidebar_id":"","_bst_post_content_style":"","_bst_post_vertical_padding":"","_bst_post_feature":"","_bst_post_feature_position":"","_bst_post_header":false,"_bst_post_footer":false},"product_brand":[141],"product_cat":[102],"product_tag":[],"product_brands":[110],"class_list":{"0":"post-3702","1":"product","2":"type-product","3":"status-publish","4":"has-post-thumbnail","6":"product_brand-vaderstad","7":"product_cat-maszyny-uprawowe","8":"product_brands-vaderstad","10":"first","11":"onbackorder","12":"purchasable","13":"product-type-simple","14":"entry","15":"content-bg","16":"loop-entry"},"jetpack_sharing_enabled":true,"_links":{"self":[{"href":"https:\/\/agrodrive.pl\/index.php?rest_route=\/wp\/v2\/product\/3702","targetHints":{"allow":["GET"]}}],"collection":[{"href":"https:\/\/agrodrive.pl\/index.php?rest_route=\/wp\/v2\/product"}],"about":[{"href":"https:\/\/agrodrive.pl\/index.php?rest_route=\/wp\/v2\/types\/product"}],"replies":[{"embeddable":true,"href":"https:\/\/agrodrive.pl\/index.php?rest_route=%2Fwp%2Fv2%2Fcomments&post=3702"}],"wp:featuredmedia":[{"embeddable":true,"href":"https:\/\/agrodrive.pl\/index.php?rest_route=\/wp\/v2\/media\/3754"}],"wp:attachment":[{"href":"https:\/\/agrodrive.pl\/index.php?rest_route=%2Fwp%2Fv2%2Fmedia&parent=3702"}],"wp:term":[{"taxonomy":"product_brand","embeddable":true,"href":"https:\/\/agrodrive.pl\/index.php?rest_route=%2Fwp%2Fv2%2Fproduct_brand&post=3702"},{"taxonomy":"product_cat","embeddable":true,"href":"https:\/\/agrodrive.pl\/index.php?rest_route=%2Fwp%2Fv2%2Fproduct_cat&post=3702"},{"taxonomy":"product_tag","embeddable":true,"href":"https:\/\/agrodrive.pl\/index.php?rest_route=%2Fwp%2Fv2%2Fproduct_tag&post=3702"},{"taxonomy":"product_brands","embeddable":true,"href":"https:\/\/agrodrive.pl\/index.php?rest_route=%2Fwp%2Fv2%2Fproduct_brands&post=3702"}],"curies":[{"name":"wp","href":"https:\/\/api.w.org\/{rel}","templated":true}]}}