{"id":3699,"date":"2026-01-06T19:33:25","date_gmt":"2026-01-06T18:33:25","guid":{"rendered":"http:\/\/agrodrive.pl\/?post_type=product&#038;p=3699"},"modified":"2026-01-06T19:59:00","modified_gmt":"2026-01-06T18:59:00","slug":"redlica-grubera-breakmix-vaderstad-208117","status":"publish","type":"product","link":"https:\/\/agrodrive.pl\/?product=redlica-grubera-breakmix-vaderstad-208117","title":{"rendered":"Redlica grubera BreakMix Vaderstad 208117"},"content":{"rendered":"<p>Pasuje do:<\/p>\n<p>Vaderstad Cultus 300-400, Cultus 300-620, Cultus 420-620, Cultus 425, Cultus 525, Cultus 400, Cultus 350, Cultus 300, TopDown 300-900, Opus 400-700<\/p>\n","protected":false},"excerpt":{"rendered":"<p>Redlica grubera BreakMix Vaderstad to oryginalny element roboczy zaprojektowany do intensywnej uprawy i mieszania gleby. \u0141\u0105czy w sobie funkcje spulchniania i mieszania resztek po\u017cniwnych, zapewniaj\u0105c idealne przygotowanie pola do siewu. Wykonana z hartowanej stali, gwarantuje trwa\u0142o\u015b\u0107 i odporno\u015b\u0107 na \u015bcieranie.<\/p>\n","protected":false},"featured_media":3751,"comment_status":"closed","ping_status":"closed","template":"","meta":{"_bst_post_transparent":"","_bst_post_title":"","_bst_post_layout":"","_bst_post_sidebar_id":"","_bst_post_content_style":"","_bst_post_vertical_padding":"","_bst_post_feature":"","_bst_post_feature_position":"","_bst_post_header":false,"_bst_post_footer":false},"product_brand":[141],"product_cat":[102],"product_tag":[],"product_brands":[110],"class_list":{"0":"post-3699","1":"product","2":"type-product","3":"status-publish","4":"has-post-thumbnail","6":"product_brand-vaderstad","7":"product_cat-maszyny-uprawowe","8":"product_brands-vaderstad","10":"first","11":"onbackorder","12":"purchasable","13":"product-type-simple","14":"entry","15":"content-bg","16":"loop-entry"},"jetpack_sharing_enabled":true,"_links":{"self":[{"href":"https:\/\/agrodrive.pl\/index.php?rest_route=\/wp\/v2\/product\/3699","targetHints":{"allow":["GET"]}}],"collection":[{"href":"https:\/\/agrodrive.pl\/index.php?rest_route=\/wp\/v2\/product"}],"about":[{"href":"https:\/\/agrodrive.pl\/index.php?rest_route=\/wp\/v2\/types\/product"}],"replies":[{"embeddable":true,"href":"https:\/\/agrodrive.pl\/index.php?rest_route=%2Fwp%2Fv2%2Fcomments&post=3699"}],"wp:featuredmedia":[{"embeddable":true,"href":"https:\/\/agrodrive.pl\/index.php?rest_route=\/wp\/v2\/media\/3751"}],"wp:attachment":[{"href":"https:\/\/agrodrive.pl\/index.php?rest_route=%2Fwp%2Fv2%2Fmedia&parent=3699"}],"wp:term":[{"taxonomy":"product_brand","embeddable":true,"href":"https:\/\/agrodrive.pl\/index.php?rest_route=%2Fwp%2Fv2%2Fproduct_brand&post=3699"},{"taxonomy":"product_cat","embeddable":true,"href":"https:\/\/agrodrive.pl\/index.php?rest_route=%2Fwp%2Fv2%2Fproduct_cat&post=3699"},{"taxonomy":"product_tag","embeddable":true,"href":"https:\/\/agrodrive.pl\/index.php?rest_route=%2Fwp%2Fv2%2Fproduct_tag&post=3699"},{"taxonomy":"product_brands","embeddable":true,"href":"https:\/\/agrodrive.pl\/index.php?rest_route=%2Fwp%2Fv2%2Fproduct_brands&post=3699"}],"curies":[{"name":"wp","href":"https:\/\/api.w.org\/{rel}","templated":true}]}}