{"id":3698,"date":"2026-01-06T19:33:25","date_gmt":"2026-01-06T18:33:25","guid":{"rendered":"http:\/\/agrodrive.pl\/?post_type=product&#038;p=3698"},"modified":"2026-01-06T19:58:06","modified_gmt":"2026-01-06T18:58:06","slug":"nakladka-dluto-marathon-25-35-mm-vaderstad","status":"publish","type":"product","link":"https:\/\/agrodrive.pl\/?product=nakladka-dluto-marathon-25-35-mm-vaderstad","title":{"rendered":"Nak\u0142adka d\u0142uto Marathon 25\/35 mm Vaderstad"},"content":{"rendered":"<p>Pasuje do:<\/p>\n<p>Vaderstad NZ Aggressive 500ST, NZ Aggressive 600T, NZ Aggressive 600, NZ Aggressive 700, NZ Aggressive 800, NZ Aggressive 900, NZ Aggressive 1000, NZ Mounted 500, NZ Mounted 600, NZ Extreme 1250, NZ Extreme 1425, Rapid A 400S, Rapid A 600S, Rapid A 800S, Spirit R 300S, Spirit 400S, Spirit 400C, Spirit 600S, Spirit 600C, Spirit 800S, Spirit 800C, Spirit 900S, Spirit 900C, Inspire 1200S, Inspire 1200C, Rapid F 300-450, Rapid F 500-800, Rapid A 400-450S, Rapid A 500-800S, Rapid A 600-800S, Carrier 500-820, NZ Aggressive 500-1000, RexiusTwin 330-400, RexiusTwin 450-1030<\/p>\n","protected":false},"excerpt":{"rendered":"<p>Nak\u0142adka d\u0142uto Marathon 25\/35 mm Vaderstad to trwa\u0142a cz\u0119\u015b\u0107 robocza chroni\u0105ca z\u0105b przed zu\u017cyciem. Dzi\u0119ki hartowanej stali i precyzyjnemu dopasowaniu do maszyn Vaderstad, gwarantuje skuteczne dzia\u0142anie oraz stabiln\u0105 prac\u0119 nawet w ci\u0119\u017ckich glebach<\/p>\n","protected":false},"featured_media":3750,"comment_status":"closed","ping_status":"closed","template":"","meta":{"_bst_post_transparent":"","_bst_post_title":"","_bst_post_layout":"","_bst_post_sidebar_id":"","_bst_post_content_style":"","_bst_post_vertical_padding":"","_bst_post_feature":"","_bst_post_feature_position":"","_bst_post_header":false,"_bst_post_footer":false},"product_brand":[141],"product_cat":[102],"product_tag":[],"product_brands":[110],"class_list":{"0":"post-3698","1":"product","2":"type-product","3":"status-publish","4":"has-post-thumbnail","6":"product_brand-vaderstad","7":"product_cat-maszyny-uprawowe","8":"product_brands-vaderstad","10":"first","11":"onbackorder","12":"purchasable","13":"product-type-simple","14":"entry","15":"content-bg","16":"loop-entry"},"jetpack_sharing_enabled":true,"_links":{"self":[{"href":"https:\/\/agrodrive.pl\/index.php?rest_route=\/wp\/v2\/product\/3698","targetHints":{"allow":["GET"]}}],"collection":[{"href":"https:\/\/agrodrive.pl\/index.php?rest_route=\/wp\/v2\/product"}],"about":[{"href":"https:\/\/agrodrive.pl\/index.php?rest_route=\/wp\/v2\/types\/product"}],"replies":[{"embeddable":true,"href":"https:\/\/agrodrive.pl\/index.php?rest_route=%2Fwp%2Fv2%2Fcomments&post=3698"}],"wp:featuredmedia":[{"embeddable":true,"href":"https:\/\/agrodrive.pl\/index.php?rest_route=\/wp\/v2\/media\/3750"}],"wp:attachment":[{"href":"https:\/\/agrodrive.pl\/index.php?rest_route=%2Fwp%2Fv2%2Fmedia&parent=3698"}],"wp:term":[{"taxonomy":"product_brand","embeddable":true,"href":"https:\/\/agrodrive.pl\/index.php?rest_route=%2Fwp%2Fv2%2Fproduct_brand&post=3698"},{"taxonomy":"product_cat","embeddable":true,"href":"https:\/\/agrodrive.pl\/index.php?rest_route=%2Fwp%2Fv2%2Fproduct_cat&post=3698"},{"taxonomy":"product_tag","embeddable":true,"href":"https:\/\/agrodrive.pl\/index.php?rest_route=%2Fwp%2Fv2%2Fproduct_tag&post=3698"},{"taxonomy":"product_brands","embeddable":true,"href":"https:\/\/agrodrive.pl\/index.php?rest_route=%2Fwp%2Fv2%2Fproduct_brands&post=3698"}],"curies":[{"name":"wp","href":"https:\/\/api.w.org\/{rel}","templated":true}]}}