{"id":3697,"date":"2026-01-06T19:33:25","date_gmt":"2026-01-06T18:33:25","guid":{"rendered":"http:\/\/agrodrive.pl\/?post_type=product&#038;p=3697"},"modified":"2026-01-06T21:08:44","modified_gmt":"2026-01-06T20:08:44","slug":"dluto-marathon-15-25-mm-vaderstad","status":"publish","type":"product","link":"https:\/\/agrodrive.pl\/?product=dluto-marathon-15-25-mm-vaderstad","title":{"rendered":"D\u0142uto Marathon 15\/25 mm Vaderstad"},"content":{"rendered":"<p>Pasuje do:<\/p>\n<p>NZ Aggressive 500ST<br \/>\nNZ Aggressive 600T<br \/>\nNZ Aggressive 600<br \/>\nNZ Aggressive 700<br \/>\nNZ Aggressive 800<br \/>\nNZ Aggressive 900<br \/>\nNZ Aggressive 1000<br \/>\nFerox 500ST<br \/>\nFerox 600T<br \/>\nFerox 600<br \/>\nFerox 700<br \/>\nFerox 900<\/p>\n","protected":false},"excerpt":{"rendered":"<p>Postaw na wydajno\u015b\u0107 i trwa\u0142o\u015b\u0107 z d\u0142utem Marathon 15\/25 mm Vaderstad! \u2699\ufe0f Wykonane z hartowanej stali, doskonale sprawdza si\u0119 w g\u0142\u0119bokiej uprawie i spulchnianiu gleby.<br \/>\n\ud83d\udc49 Zam\u00f3w d\u0142uto Vaderstad ju\u017c dzi\u015b i zwi\u0119ksz efektywno\u015b\u0107 swojej uprawy!<\/p>\n","protected":false},"featured_media":3749,"comment_status":"closed","ping_status":"closed","template":"","meta":{"_bst_post_transparent":"default","_bst_post_title":"","_bst_post_layout":"default","_bst_post_sidebar_id":"","_bst_post_content_style":"default","_bst_post_vertical_padding":"default","_bst_post_feature":"","_bst_post_feature_position":"","_bst_post_header":false,"_bst_post_footer":false},"product_brand":[141],"product_cat":[102],"product_tag":[],"product_brands":[110],"class_list":{"0":"post-3697","1":"product","2":"type-product","3":"status-publish","4":"has-post-thumbnail","6":"product_brand-vaderstad","7":"product_cat-maszyny-uprawowe","8":"product_brands-vaderstad","10":"first","11":"instock","12":"purchasable","13":"product-type-simple","14":"entry","15":"content-bg","16":"loop-entry"},"jetpack_sharing_enabled":true,"_links":{"self":[{"href":"https:\/\/agrodrive.pl\/index.php?rest_route=\/wp\/v2\/product\/3697","targetHints":{"allow":["GET"]}}],"collection":[{"href":"https:\/\/agrodrive.pl\/index.php?rest_route=\/wp\/v2\/product"}],"about":[{"href":"https:\/\/agrodrive.pl\/index.php?rest_route=\/wp\/v2\/types\/product"}],"replies":[{"embeddable":true,"href":"https:\/\/agrodrive.pl\/index.php?rest_route=%2Fwp%2Fv2%2Fcomments&post=3697"}],"wp:featuredmedia":[{"embeddable":true,"href":"https:\/\/agrodrive.pl\/index.php?rest_route=\/wp\/v2\/media\/3749"}],"wp:attachment":[{"href":"https:\/\/agrodrive.pl\/index.php?rest_route=%2Fwp%2Fv2%2Fmedia&parent=3697"}],"wp:term":[{"taxonomy":"product_brand","embeddable":true,"href":"https:\/\/agrodrive.pl\/index.php?rest_route=%2Fwp%2Fv2%2Fproduct_brand&post=3697"},{"taxonomy":"product_cat","embeddable":true,"href":"https:\/\/agrodrive.pl\/index.php?rest_route=%2Fwp%2Fv2%2Fproduct_cat&post=3697"},{"taxonomy":"product_tag","embeddable":true,"href":"https:\/\/agrodrive.pl\/index.php?rest_route=%2Fwp%2Fv2%2Fproduct_tag&post=3697"},{"taxonomy":"product_brands","embeddable":true,"href":"https:\/\/agrodrive.pl\/index.php?rest_route=%2Fwp%2Fv2%2Fproduct_brands&post=3697"}],"curies":[{"name":"wp","href":"https:\/\/api.w.org\/{rel}","templated":true}]}}