{"id":3695,"date":"2026-01-06T19:33:25","date_gmt":"2026-01-06T18:33:25","guid":{"rendered":"http:\/\/agrodrive.pl\/?post_type=product&#038;p=3695"},"modified":"2026-01-06T20:21:27","modified_gmt":"2026-01-06T19:21:27","slug":"dziob-nakladka-prawa-201388-vaderstad","status":"publish","type":"product","link":"https:\/\/agrodrive.pl\/?product=dziob-nakladka-prawa-201388-vaderstad","title":{"rendered":"Dzi\u00f3b nak\u0142adka prawa 201388 Vaderstad"},"content":{"rendered":"<p>Pasuje do:<\/p>\n<p>Vaderstad Cultus 10-17, Cultus 16-28, Cultus 400-500, Cultus Q 400-630<\/p>\n","protected":false},"excerpt":{"rendered":"<p>Postaw na precyzj\u0119 i trwa\u0142o\u015b\u0107 z dziobem \u2013 nak\u0142adk\u0105 lew\u0105 Vaderstad! \ud83d\udd29 Zapewnia dok\u0142adne prowadzenie redlic i r\u00f3wnomiern\u0105 upraw\u0119.<br \/>\n\ud83d\udc49 Zam\u00f3w oryginalny dzi\u00f3b Vaderstad ju\u017c dzi\u015b i utrzymaj najwy\u017csz\u0105 jako\u015b\u0107 pracy swojego sprz\u0119tu!<\/p>\n","protected":false},"featured_media":3737,"comment_status":"closed","ping_status":"closed","template":"","meta":{"_bst_post_transparent":"default","_bst_post_title":"","_bst_post_layout":"default","_bst_post_sidebar_id":"","_bst_post_content_style":"default","_bst_post_vertical_padding":"default","_bst_post_feature":"","_bst_post_feature_position":"","_bst_post_header":false,"_bst_post_footer":false},"product_brand":[141],"product_cat":[102],"product_tag":[],"product_brands":[110],"class_list":{"0":"post-3695","1":"product","2":"type-product","3":"status-publish","4":"has-post-thumbnail","6":"product_brand-vaderstad","7":"product_cat-maszyny-uprawowe","8":"product_brands-vaderstad","10":"first","11":"onbackorder","12":"purchasable","13":"product-type-simple","14":"entry","15":"content-bg","16":"loop-entry"},"jetpack_sharing_enabled":true,"_links":{"self":[{"href":"https:\/\/agrodrive.pl\/index.php?rest_route=\/wp\/v2\/product\/3695","targetHints":{"allow":["GET"]}}],"collection":[{"href":"https:\/\/agrodrive.pl\/index.php?rest_route=\/wp\/v2\/product"}],"about":[{"href":"https:\/\/agrodrive.pl\/index.php?rest_route=\/wp\/v2\/types\/product"}],"replies":[{"embeddable":true,"href":"https:\/\/agrodrive.pl\/index.php?rest_route=%2Fwp%2Fv2%2Fcomments&post=3695"}],"wp:featuredmedia":[{"embeddable":true,"href":"https:\/\/agrodrive.pl\/index.php?rest_route=\/wp\/v2\/media\/3737"}],"wp:attachment":[{"href":"https:\/\/agrodrive.pl\/index.php?rest_route=%2Fwp%2Fv2%2Fmedia&parent=3695"}],"wp:term":[{"taxonomy":"product_brand","embeddable":true,"href":"https:\/\/agrodrive.pl\/index.php?rest_route=%2Fwp%2Fv2%2Fproduct_brand&post=3695"},{"taxonomy":"product_cat","embeddable":true,"href":"https:\/\/agrodrive.pl\/index.php?rest_route=%2Fwp%2Fv2%2Fproduct_cat&post=3695"},{"taxonomy":"product_tag","embeddable":true,"href":"https:\/\/agrodrive.pl\/index.php?rest_route=%2Fwp%2Fv2%2Fproduct_tag&post=3695"},{"taxonomy":"product_brands","embeddable":true,"href":"https:\/\/agrodrive.pl\/index.php?rest_route=%2Fwp%2Fv2%2Fproduct_brands&post=3695"}],"curies":[{"name":"wp","href":"https:\/\/api.w.org\/{rel}","templated":true}]}}