{"id":3690,"date":"2026-01-06T19:33:24","date_gmt":"2026-01-06T18:33:24","guid":{"rendered":"http:\/\/agrodrive.pl\/?post_type=product&#038;p=3690"},"modified":"2026-01-06T20:30:09","modified_gmt":"2026-01-06T19:30:09","slug":"nakladka-dluto-80-120-mm-vaderstad","status":"publish","type":"product","link":"https:\/\/agrodrive.pl\/?product=nakladka-dluto-80-120-mm-vaderstad","title":{"rendered":"Nak\u0142adka d\u0142uto 80\/120 mm Vaderstad"},"content":{"rendered":"<p>Pasuje do:<\/p>\n<p>Vaderstad TopDown 300, TopDown 400, TopDown 500, TopDown 600, TopDown 700, TopDown 900, Cultus 300, Cultus 350, Cultus 400, Cultus 425, Cultus 525, Cultus HD 300, Cultus HD 350, Cultus HD 400, Cultus HD 425, Cultus HD 525, Opus 400, Opus 500, Opus 600, Opus 700<\/p>\n","protected":false},"excerpt":{"rendered":"<p>Wybierz trwa\u0142o\u015b\u0107 i skuteczno\u015b\u0107 z nak\u0142adk\u0105 d\u0142uto 80\/120 mm Vaderstad! \ud83d\udcaa Doskona\u0142a odporno\u015b\u0107 na \u015bcieranie i idealne dopasowanie do maszyn zapewniaj\u0105 d\u0142u\u017csz\u0105 prac\u0119 bez przestoj\u00f3w.<br \/>\n\ud83d\udc49 Zam\u00f3w oryginaln\u0105 nak\u0142adk\u0119 Vaderstad i zwi\u0119ksz wydajno\u015b\u0107 swojej uprawy!<\/p>\n","protected":false},"featured_media":3732,"comment_status":"closed","ping_status":"closed","template":"","meta":{"_bst_post_transparent":"default","_bst_post_title":"","_bst_post_layout":"default","_bst_post_sidebar_id":"","_bst_post_content_style":"default","_bst_post_vertical_padding":"default","_bst_post_feature":"","_bst_post_feature_position":"","_bst_post_header":false,"_bst_post_footer":false},"product_brand":[141],"product_cat":[102],"product_tag":[],"product_brands":[110],"class_list":{"0":"post-3690","1":"product","2":"type-product","3":"status-publish","4":"has-post-thumbnail","6":"product_brand-vaderstad","7":"product_cat-maszyny-uprawowe","8":"product_brands-vaderstad","10":"first","11":"onbackorder","12":"purchasable","13":"product-type-simple","14":"entry","15":"content-bg","16":"loop-entry"},"jetpack_sharing_enabled":true,"_links":{"self":[{"href":"https:\/\/agrodrive.pl\/index.php?rest_route=\/wp\/v2\/product\/3690","targetHints":{"allow":["GET"]}}],"collection":[{"href":"https:\/\/agrodrive.pl\/index.php?rest_route=\/wp\/v2\/product"}],"about":[{"href":"https:\/\/agrodrive.pl\/index.php?rest_route=\/wp\/v2\/types\/product"}],"replies":[{"embeddable":true,"href":"https:\/\/agrodrive.pl\/index.php?rest_route=%2Fwp%2Fv2%2Fcomments&post=3690"}],"wp:featuredmedia":[{"embeddable":true,"href":"https:\/\/agrodrive.pl\/index.php?rest_route=\/wp\/v2\/media\/3732"}],"wp:attachment":[{"href":"https:\/\/agrodrive.pl\/index.php?rest_route=%2Fwp%2Fv2%2Fmedia&parent=3690"}],"wp:term":[{"taxonomy":"product_brand","embeddable":true,"href":"https:\/\/agrodrive.pl\/index.php?rest_route=%2Fwp%2Fv2%2Fproduct_brand&post=3690"},{"taxonomy":"product_cat","embeddable":true,"href":"https:\/\/agrodrive.pl\/index.php?rest_route=%2Fwp%2Fv2%2Fproduct_cat&post=3690"},{"taxonomy":"product_tag","embeddable":true,"href":"https:\/\/agrodrive.pl\/index.php?rest_route=%2Fwp%2Fv2%2Fproduct_tag&post=3690"},{"taxonomy":"product_brands","embeddable":true,"href":"https:\/\/agrodrive.pl\/index.php?rest_route=%2Fwp%2Fv2%2Fproduct_brands&post=3690"}],"curies":[{"name":"wp","href":"https:\/\/api.w.org\/{rel}","templated":true}]}}