{"id":3689,"date":"2026-01-06T19:33:24","date_gmt":"2026-01-06T18:33:24","guid":{"rendered":"http:\/\/agrodrive.pl\/?post_type=product&#038;p=3689"},"modified":"2026-01-06T19:59:35","modified_gmt":"2026-01-06T18:59:35","slug":"nakladka-redlica-50-80-mm-vaderstad","status":"publish","type":"product","link":"https:\/\/agrodrive.pl\/?product=nakladka-redlica-50-80-mm-vaderstad","title":{"rendered":"Nak\u0142adka redlica 50\/80 mm Vaderstad"},"content":{"rendered":"<p>Pasuje do:<\/p>\n<p>Vaderstad Cultus 300, Cultus 300-400, Cultus 350, Cultus 400, Cultus 420-620, Cultus 425, Cultus 525, Cultus HD 300, Cultus HD 350, Cultus HD 400, Cultus HD 425, Cultus HD 525, Opus 400, Opus 400-700, Opus 500, Opus 600, Opus 700, Swift 400, Swift 400-870, Swift 440, Swift 560, Swift 640, Swift 720, Swift 870, TopDown 300, TopDown 300-900, TopDown 400, TopDown 500, TopDown 600, TopDown 700, TopDown 900<\/p>\n","protected":false},"excerpt":{"rendered":"<p>Nak\u0142adka redlica 50\/80 mm Vaderstad to solidna cz\u0119\u015b\u0107 robocza, kt\u00f3ra chroni redlic\u0119 przed zu\u017cyciem i zapewnia stabiln\u0105, r\u00f3wnomiern\u0105 prac\u0119 narz\u0119dzia. Idealnie dopasowana do maszyn Vaderstad, gwarantuje niezawodno\u015b\u0107 nawet w trudnych warunkach uprawowych.<\/p>\n","protected":false},"featured_media":3731,"comment_status":"closed","ping_status":"closed","template":"","meta":{"_bst_post_transparent":"","_bst_post_title":"","_bst_post_layout":"","_bst_post_sidebar_id":"","_bst_post_content_style":"","_bst_post_vertical_padding":"","_bst_post_feature":"","_bst_post_feature_position":"","_bst_post_header":false,"_bst_post_footer":false},"product_brand":[141],"product_cat":[102],"product_tag":[],"product_brands":[110],"class_list":{"0":"post-3689","1":"product","2":"type-product","3":"status-publish","4":"has-post-thumbnail","6":"product_brand-vaderstad","7":"product_cat-maszyny-uprawowe","8":"product_brands-vaderstad","10":"first","11":"instock","12":"purchasable","13":"product-type-simple","14":"entry","15":"content-bg","16":"loop-entry"},"jetpack_sharing_enabled":true,"_links":{"self":[{"href":"https:\/\/agrodrive.pl\/index.php?rest_route=\/wp\/v2\/product\/3689","targetHints":{"allow":["GET"]}}],"collection":[{"href":"https:\/\/agrodrive.pl\/index.php?rest_route=\/wp\/v2\/product"}],"about":[{"href":"https:\/\/agrodrive.pl\/index.php?rest_route=\/wp\/v2\/types\/product"}],"replies":[{"embeddable":true,"href":"https:\/\/agrodrive.pl\/index.php?rest_route=%2Fwp%2Fv2%2Fcomments&post=3689"}],"wp:featuredmedia":[{"embeddable":true,"href":"https:\/\/agrodrive.pl\/index.php?rest_route=\/wp\/v2\/media\/3731"}],"wp:attachment":[{"href":"https:\/\/agrodrive.pl\/index.php?rest_route=%2Fwp%2Fv2%2Fmedia&parent=3689"}],"wp:term":[{"taxonomy":"product_brand","embeddable":true,"href":"https:\/\/agrodrive.pl\/index.php?rest_route=%2Fwp%2Fv2%2Fproduct_brand&post=3689"},{"taxonomy":"product_cat","embeddable":true,"href":"https:\/\/agrodrive.pl\/index.php?rest_route=%2Fwp%2Fv2%2Fproduct_cat&post=3689"},{"taxonomy":"product_tag","embeddable":true,"href":"https:\/\/agrodrive.pl\/index.php?rest_route=%2Fwp%2Fv2%2Fproduct_tag&post=3689"},{"taxonomy":"product_brands","embeddable":true,"href":"https:\/\/agrodrive.pl\/index.php?rest_route=%2Fwp%2Fv2%2Fproduct_brands&post=3689"}],"curies":[{"name":"wp","href":"https:\/\/api.w.org\/{rel}","templated":true}]}}