{"id":3672,"date":"2026-01-06T19:33:00","date_gmt":"2026-01-06T18:33:00","guid":{"rendered":"http:\/\/agrodrive.pl\/?post_type=product&#038;p=3672"},"modified":"2026-01-06T20:00:01","modified_gmt":"2026-01-06T19:00:01","slug":"lemiesz-podcinacz-boczny-340-mm-vaderstad","status":"publish","type":"product","link":"https:\/\/agrodrive.pl\/?product=lemiesz-podcinacz-boczny-340-mm-vaderstad","title":{"rendered":"Lemiesz podcinacz boczny 340 mm Vaderstad"},"content":{"rendered":"<p>Pasuje do:<\/p>\n<p>Vaderstad Cultus 300, Cultus 350, Cultus 400, Cultus 425, Cultus 525, Cultus HD 300, Cultus HD 350, Cultus HD 400, Cultus HD 425, Cultus HD 525, Opus 400, Opus 500, Opus 600, Opus 700, Palety, Parts Catalogue, TopDown 300, TopDown 400, TopDown 500, TopDown 600, TopDown 700, TopDown 900<\/p>\n","protected":false},"excerpt":{"rendered":"<p>Lemiesz podcinacz boczny 340 mm Vaderstad to oryginalny element roboczy przeznaczony do skutecznego podcinania i mieszania gleby. Wykonany z wysokiej jako\u015bci hartowanej stali, gwarantuje odporno\u015b\u0107 na \u015bcieranie oraz d\u0142ug\u0105 \u017cywotno\u015b\u0107. Zapewnia optymalne warunki uprawy i r\u00f3wnomiern\u0105 prac\u0119 narz\u0119dzia w ka\u017cdych warunkach.<\/p>\n","protected":false},"featured_media":3728,"comment_status":"closed","ping_status":"closed","template":"","meta":{"_bst_post_transparent":"","_bst_post_title":"","_bst_post_layout":"","_bst_post_sidebar_id":"","_bst_post_content_style":"","_bst_post_vertical_padding":"","_bst_post_feature":"","_bst_post_feature_position":"","_bst_post_header":false,"_bst_post_footer":false},"product_brand":[141],"product_cat":[102],"product_tag":[],"product_brands":[110],"class_list":{"0":"post-3672","1":"product","2":"type-product","3":"status-publish","4":"has-post-thumbnail","6":"product_brand-vaderstad","7":"product_cat-maszyny-uprawowe","8":"product_brands-vaderstad","10":"first","11":"instock","12":"purchasable","13":"product-type-simple","14":"entry","15":"content-bg","16":"loop-entry"},"jetpack_sharing_enabled":true,"_links":{"self":[{"href":"https:\/\/agrodrive.pl\/index.php?rest_route=\/wp\/v2\/product\/3672","targetHints":{"allow":["GET"]}}],"collection":[{"href":"https:\/\/agrodrive.pl\/index.php?rest_route=\/wp\/v2\/product"}],"about":[{"href":"https:\/\/agrodrive.pl\/index.php?rest_route=\/wp\/v2\/types\/product"}],"replies":[{"embeddable":true,"href":"https:\/\/agrodrive.pl\/index.php?rest_route=%2Fwp%2Fv2%2Fcomments&post=3672"}],"wp:featuredmedia":[{"embeddable":true,"href":"https:\/\/agrodrive.pl\/index.php?rest_route=\/wp\/v2\/media\/3728"}],"wp:attachment":[{"href":"https:\/\/agrodrive.pl\/index.php?rest_route=%2Fwp%2Fv2%2Fmedia&parent=3672"}],"wp:term":[{"taxonomy":"product_brand","embeddable":true,"href":"https:\/\/agrodrive.pl\/index.php?rest_route=%2Fwp%2Fv2%2Fproduct_brand&post=3672"},{"taxonomy":"product_cat","embeddable":true,"href":"https:\/\/agrodrive.pl\/index.php?rest_route=%2Fwp%2Fv2%2Fproduct_cat&post=3672"},{"taxonomy":"product_tag","embeddable":true,"href":"https:\/\/agrodrive.pl\/index.php?rest_route=%2Fwp%2Fv2%2Fproduct_tag&post=3672"},{"taxonomy":"product_brands","embeddable":true,"href":"https:\/\/agrodrive.pl\/index.php?rest_route=%2Fwp%2Fv2%2Fproduct_brands&post=3672"}],"curies":[{"name":"wp","href":"https:\/\/api.w.org\/{rel}","templated":true}]}}