{"id":3671,"date":"2026-01-06T19:33:00","date_gmt":"2026-01-06T18:33:00","guid":{"rendered":"http:\/\/agrodrive.pl\/?post_type=product&#038;p=3671"},"modified":"2026-01-06T21:38:08","modified_gmt":"2026-01-06T20:38:08","slug":"gesiostopa-120-mm-vaderstad","status":"publish","type":"product","link":"https:\/\/agrodrive.pl\/?product=gesiostopa-120-mm-vaderstad","title":{"rendered":"G\u0119siostopa 120 mm Vaderstad"},"content":{"rendered":"<p>Pasuje do:<\/p>\n<p>NZ Mounted 500<br \/>\nNZ Mounted 600<br \/>\nNZ Extreme 1250<br \/>\nNZ Extreme 1425<br \/>\nNZ Aggressive 500ST<br \/>\nNZ Aggressive 600T<br \/>\nNZ Aggressive 600<br \/>\nNZ Aggressive 700<br \/>\nNZ Aggressive 800<br \/>\nNZ Aggressive 900<br \/>\nNZ Aggressive 1000<br \/>\nNZ Aggressive 500-1000<\/p>\n","protected":false},"excerpt":{"rendered":"<p>G\u0119siostopa 120 mm Vaderstad to trwa\u0142a cz\u0119\u015b\u0107 robocza przeznaczona do intensywnej uprawy gleby. Doskonale sprawdza si\u0119 w podcinaniu chwast\u00f3w i spulchnianiu gleby, zapewniaj\u0105c r\u00f3wnomierny efekt pracy oraz d\u0142ug\u0105 \u017cywotno\u015b\u0107 narz\u0119dzia.<\/p>\n","protected":false},"featured_media":3727,"comment_status":"closed","ping_status":"closed","template":"","meta":{"_bst_post_transparent":"default","_bst_post_title":"","_bst_post_layout":"default","_bst_post_sidebar_id":"","_bst_post_content_style":"default","_bst_post_vertical_padding":"default","_bst_post_feature":"","_bst_post_feature_position":"","_bst_post_header":false,"_bst_post_footer":false},"product_brand":[141],"product_cat":[102],"product_tag":[],"product_brands":[110],"class_list":{"0":"post-3671","1":"product","2":"type-product","3":"status-publish","4":"has-post-thumbnail","6":"product_brand-vaderstad","7":"product_cat-maszyny-uprawowe","8":"product_brands-vaderstad","10":"first","11":"onbackorder","12":"purchasable","13":"product-type-simple","14":"entry","15":"content-bg","16":"loop-entry"},"jetpack_sharing_enabled":true,"_links":{"self":[{"href":"https:\/\/agrodrive.pl\/index.php?rest_route=\/wp\/v2\/product\/3671","targetHints":{"allow":["GET"]}}],"collection":[{"href":"https:\/\/agrodrive.pl\/index.php?rest_route=\/wp\/v2\/product"}],"about":[{"href":"https:\/\/agrodrive.pl\/index.php?rest_route=\/wp\/v2\/types\/product"}],"replies":[{"embeddable":true,"href":"https:\/\/agrodrive.pl\/index.php?rest_route=%2Fwp%2Fv2%2Fcomments&post=3671"}],"wp:featuredmedia":[{"embeddable":true,"href":"https:\/\/agrodrive.pl\/index.php?rest_route=\/wp\/v2\/media\/3727"}],"wp:attachment":[{"href":"https:\/\/agrodrive.pl\/index.php?rest_route=%2Fwp%2Fv2%2Fmedia&parent=3671"}],"wp:term":[{"taxonomy":"product_brand","embeddable":true,"href":"https:\/\/agrodrive.pl\/index.php?rest_route=%2Fwp%2Fv2%2Fproduct_brand&post=3671"},{"taxonomy":"product_cat","embeddable":true,"href":"https:\/\/agrodrive.pl\/index.php?rest_route=%2Fwp%2Fv2%2Fproduct_cat&post=3671"},{"taxonomy":"product_tag","embeddable":true,"href":"https:\/\/agrodrive.pl\/index.php?rest_route=%2Fwp%2Fv2%2Fproduct_tag&post=3671"},{"taxonomy":"product_brands","embeddable":true,"href":"https:\/\/agrodrive.pl\/index.php?rest_route=%2Fwp%2Fv2%2Fproduct_brands&post=3671"}],"curies":[{"name":"wp","href":"https:\/\/api.w.org\/{rel}","templated":true}]}}