{"id":3670,"date":"2026-01-06T19:32:59","date_gmt":"2026-01-06T18:32:59","guid":{"rendered":"http:\/\/agrodrive.pl\/?post_type=product&#038;p=3670"},"modified":"2026-01-06T20:00:24","modified_gmt":"2026-01-06T19:00:24","slug":"gesiostopa-nakladka-240-mm-vaderstad","status":"publish","type":"product","link":"https:\/\/agrodrive.pl\/?product=gesiostopa-nakladka-240-mm-vaderstad","title":{"rendered":"G\u0119siostopa nak\u0142adka 240 mm Vaderstad"},"content":{"rendered":"<p>Pasuje do:<\/p>\n<p>Vaderstad Swift 440, Swift 400, Swift 640, Swift 720, Swift 870, Swift 560, Swift 400, Swift 440, Swift 560, Swift 640, Swift 720, Swift 870, Swift 400-870<\/p>\n","protected":false},"excerpt":{"rendered":"<p>G\u0119siostopa nak\u0142adka 240 mm Vaderstad to element roboczy o wyj\u0105tkowej odporno\u015bci na zu\u017cycie, wykonany z hartowanej stali. Dzi\u0119ki szeroko\u015bci 240 mm, zapewnia precyzyjne podcinanie gleby, idealnie nadaj\u0105c si\u0119 do intensywnych prac uprawowych. Zapewnia r\u00f3wnomierne spulchnianie gleby oraz skuteczn\u0105 ochron\u0119 innych cz\u0119\u015bci roboczych maszyny.<\/p>\n","protected":false},"featured_media":3714,"comment_status":"closed","ping_status":"closed","template":"","meta":{"_bst_post_transparent":"","_bst_post_title":"","_bst_post_layout":"","_bst_post_sidebar_id":"","_bst_post_content_style":"","_bst_post_vertical_padding":"","_bst_post_feature":"","_bst_post_feature_position":"","_bst_post_header":false,"_bst_post_footer":false},"product_brand":[141],"product_cat":[102],"product_tag":[],"product_brands":[110],"class_list":{"0":"post-3670","1":"product","2":"type-product","3":"status-publish","4":"has-post-thumbnail","6":"product_brand-vaderstad","7":"product_cat-maszyny-uprawowe","8":"product_brands-vaderstad","10":"first","11":"onbackorder","12":"purchasable","13":"product-type-simple","14":"entry","15":"content-bg","16":"loop-entry"},"jetpack_sharing_enabled":true,"_links":{"self":[{"href":"https:\/\/agrodrive.pl\/index.php?rest_route=\/wp\/v2\/product\/3670","targetHints":{"allow":["GET"]}}],"collection":[{"href":"https:\/\/agrodrive.pl\/index.php?rest_route=\/wp\/v2\/product"}],"about":[{"href":"https:\/\/agrodrive.pl\/index.php?rest_route=\/wp\/v2\/types\/product"}],"replies":[{"embeddable":true,"href":"https:\/\/agrodrive.pl\/index.php?rest_route=%2Fwp%2Fv2%2Fcomments&post=3670"}],"wp:featuredmedia":[{"embeddable":true,"href":"https:\/\/agrodrive.pl\/index.php?rest_route=\/wp\/v2\/media\/3714"}],"wp:attachment":[{"href":"https:\/\/agrodrive.pl\/index.php?rest_route=%2Fwp%2Fv2%2Fmedia&parent=3670"}],"wp:term":[{"taxonomy":"product_brand","embeddable":true,"href":"https:\/\/agrodrive.pl\/index.php?rest_route=%2Fwp%2Fv2%2Fproduct_brand&post=3670"},{"taxonomy":"product_cat","embeddable":true,"href":"https:\/\/agrodrive.pl\/index.php?rest_route=%2Fwp%2Fv2%2Fproduct_cat&post=3670"},{"taxonomy":"product_tag","embeddable":true,"href":"https:\/\/agrodrive.pl\/index.php?rest_route=%2Fwp%2Fv2%2Fproduct_tag&post=3670"},{"taxonomy":"product_brands","embeddable":true,"href":"https:\/\/agrodrive.pl\/index.php?rest_route=%2Fwp%2Fv2%2Fproduct_brands&post=3670"}],"curies":[{"name":"wp","href":"https:\/\/api.w.org\/{rel}","templated":true}]}}