{"id":3669,"date":"2026-01-06T19:32:59","date_gmt":"2026-01-06T18:32:59","guid":{"rendered":"http:\/\/agrodrive.pl\/?post_type=product&#038;p=3669"},"modified":"2026-01-06T20:00:34","modified_gmt":"2026-01-06T19:00:34","slug":"piasta-vaderstad-208063","status":"publish","type":"product","link":"https:\/\/agrodrive.pl\/?product=piasta-vaderstad-208063","title":{"rendered":"Piasta Vaderstad 208063"},"content":{"rendered":"<p>Pasuje do:<\/p>\n<p>Vaderstad Carrier 425<\/p>\n","protected":false},"excerpt":{"rendered":"<p>Zadbaj o niezawodno\u015b\u0107 swojej maszyny z piast\u0105 Vaderstad! \ud83d\udcaa Solidna, trwa\u0142a i precyzyjnie wykonana \u2013 gwarantuje p\u0142ynn\u0105 i stabiln\u0105 prac\u0119 element\u00f3w roboczych.<br \/>\n\ud83d\udc49 Zam\u00f3w oryginaln\u0105 piast\u0119 Vaderstad ju\u017c dzi\u015b i utrzymaj najwy\u017csz\u0105 wydajno\u015b\u0107 swojego sprz\u0119tu!<\/p>\n","protected":false},"featured_media":3713,"comment_status":"closed","ping_status":"closed","template":"","meta":{"_bst_post_transparent":"","_bst_post_title":"","_bst_post_layout":"","_bst_post_sidebar_id":"","_bst_post_content_style":"","_bst_post_vertical_padding":"","_bst_post_feature":"","_bst_post_feature_position":"","_bst_post_header":false,"_bst_post_footer":false},"product_brand":[141],"product_cat":[102],"product_tag":[],"product_brands":[110],"class_list":{"0":"post-3669","1":"product","2":"type-product","3":"status-publish","4":"has-post-thumbnail","6":"product_brand-vaderstad","7":"product_cat-maszyny-uprawowe","8":"product_brands-vaderstad","10":"first","11":"onbackorder","12":"purchasable","13":"product-type-simple","14":"entry","15":"content-bg","16":"loop-entry"},"jetpack_sharing_enabled":true,"_links":{"self":[{"href":"https:\/\/agrodrive.pl\/index.php?rest_route=\/wp\/v2\/product\/3669","targetHints":{"allow":["GET"]}}],"collection":[{"href":"https:\/\/agrodrive.pl\/index.php?rest_route=\/wp\/v2\/product"}],"about":[{"href":"https:\/\/agrodrive.pl\/index.php?rest_route=\/wp\/v2\/types\/product"}],"replies":[{"embeddable":true,"href":"https:\/\/agrodrive.pl\/index.php?rest_route=%2Fwp%2Fv2%2Fcomments&post=3669"}],"wp:featuredmedia":[{"embeddable":true,"href":"https:\/\/agrodrive.pl\/index.php?rest_route=\/wp\/v2\/media\/3713"}],"wp:attachment":[{"href":"https:\/\/agrodrive.pl\/index.php?rest_route=%2Fwp%2Fv2%2Fmedia&parent=3669"}],"wp:term":[{"taxonomy":"product_brand","embeddable":true,"href":"https:\/\/agrodrive.pl\/index.php?rest_route=%2Fwp%2Fv2%2Fproduct_brand&post=3669"},{"taxonomy":"product_cat","embeddable":true,"href":"https:\/\/agrodrive.pl\/index.php?rest_route=%2Fwp%2Fv2%2Fproduct_cat&post=3669"},{"taxonomy":"product_tag","embeddable":true,"href":"https:\/\/agrodrive.pl\/index.php?rest_route=%2Fwp%2Fv2%2Fproduct_tag&post=3669"},{"taxonomy":"product_brands","embeddable":true,"href":"https:\/\/agrodrive.pl\/index.php?rest_route=%2Fwp%2Fv2%2Fproduct_brands&post=3669"}],"curies":[{"name":"wp","href":"https:\/\/api.w.org\/{rel}","templated":true}]}}