{"id":3668,"date":"2026-01-06T19:32:59","date_gmt":"2026-01-06T18:32:59","guid":{"rendered":"http:\/\/agrodrive.pl\/?post_type=product&#038;p=3668"},"modified":"2026-01-06T20:00:46","modified_gmt":"2026-01-06T19:00:46","slug":"piasta-talerza-vaderstad-208062","status":"publish","type":"product","link":"https:\/\/agrodrive.pl\/?product=piasta-talerza-vaderstad-208062","title":{"rendered":"Piasta talerza Vaderstad 208062"},"content":{"rendered":"<p>Pasuje do:<\/p>\n<p>Vaderstad Spirit 400-900S, Carrier 425, Carrier 420-820, Carrier 1025-1225, Carrier 420-500S, Cultus 300-400, Cultus 300-620, Cultus 420-620, CarrierDrill 300S, TopDown 300-900, Carrier 300-400<\/p>\n","protected":false},"excerpt":{"rendered":"<p>Piasta talerza Vaderstad 208062 zapewnia stabilne mocowanie i p\u0142ynne obracanie talerza roboczego. Dzi\u0119ki solidnej konstrukcji i kompatybilno\u015bci z maszynami Vaderstad, jest niezawodnym elementem eksploatacyjnym w ka\u017cdych warunkach pracy.<\/p>\n","protected":false},"featured_media":3712,"comment_status":"closed","ping_status":"closed","template":"","meta":{"_bst_post_transparent":"","_bst_post_title":"","_bst_post_layout":"","_bst_post_sidebar_id":"","_bst_post_content_style":"","_bst_post_vertical_padding":"","_bst_post_feature":"","_bst_post_feature_position":"","_bst_post_header":false,"_bst_post_footer":false},"product_brand":[141],"product_cat":[102],"product_tag":[],"product_brands":[110],"class_list":{"0":"post-3668","1":"product","2":"type-product","3":"status-publish","4":"has-post-thumbnail","6":"product_brand-vaderstad","7":"product_cat-maszyny-uprawowe","8":"product_brands-vaderstad","10":"first","11":"instock","12":"purchasable","13":"product-type-simple","14":"entry","15":"content-bg","16":"loop-entry"},"jetpack_sharing_enabled":true,"_links":{"self":[{"href":"https:\/\/agrodrive.pl\/index.php?rest_route=\/wp\/v2\/product\/3668","targetHints":{"allow":["GET"]}}],"collection":[{"href":"https:\/\/agrodrive.pl\/index.php?rest_route=\/wp\/v2\/product"}],"about":[{"href":"https:\/\/agrodrive.pl\/index.php?rest_route=\/wp\/v2\/types\/product"}],"replies":[{"embeddable":true,"href":"https:\/\/agrodrive.pl\/index.php?rest_route=%2Fwp%2Fv2%2Fcomments&post=3668"}],"wp:featuredmedia":[{"embeddable":true,"href":"https:\/\/agrodrive.pl\/index.php?rest_route=\/wp\/v2\/media\/3712"}],"wp:attachment":[{"href":"https:\/\/agrodrive.pl\/index.php?rest_route=%2Fwp%2Fv2%2Fmedia&parent=3668"}],"wp:term":[{"taxonomy":"product_brand","embeddable":true,"href":"https:\/\/agrodrive.pl\/index.php?rest_route=%2Fwp%2Fv2%2Fproduct_brand&post=3668"},{"taxonomy":"product_cat","embeddable":true,"href":"https:\/\/agrodrive.pl\/index.php?rest_route=%2Fwp%2Fv2%2Fproduct_cat&post=3668"},{"taxonomy":"product_tag","embeddable":true,"href":"https:\/\/agrodrive.pl\/index.php?rest_route=%2Fwp%2Fv2%2Fproduct_tag&post=3668"},{"taxonomy":"product_brands","embeddable":true,"href":"https:\/\/agrodrive.pl\/index.php?rest_route=%2Fwp%2Fv2%2Fproduct_brands&post=3668"}],"curies":[{"name":"wp","href":"https:\/\/api.w.org\/{rel}","templated":true}]}}