{"id":3655,"date":"2026-01-06T19:32:35","date_gmt":"2026-01-06T18:32:35","guid":{"rendered":"http:\/\/agrodrive.pl\/?post_type=product&#038;p=3655"},"modified":"2026-01-06T20:01:16","modified_gmt":"2026-01-06T19:01:16","slug":"talerz-dysk-crosscutter-208020-o450-vaderstad","status":"publish","type":"product","link":"https:\/\/agrodrive.pl\/?product=talerz-dysk-crosscutter-208020-o450-vaderstad","title":{"rendered":"Talerz dysk CrossCutter 208020 \u00d8450 Vaderstad"},"content":{"rendered":"<p>Pasuje do:<\/p>\n<p>Vaderstad Carrier X 425, Carrier X 525, Carrier 300, Carrier 350, Carrier 400, Carrier 1225, Carrier 925, Carrier X 625, Carrier 420, Carrier 500, Carrier 820, Carrier 650, Carrier XT 625, Carrier XT 525, Carrier XT 425, Parts Catalogue, Carrier X 425-625<\/p>\n","protected":false},"excerpt":{"rendered":"<p>Talerz dysk CrossCutter 208020 \u00d8450 Vaderstad to wytrzyma\u0142y element roboczy przeznaczony do ci\u0119cia i mieszania resztek ro\u015blinnych w polu. Wykonany z wysokiej jako\u015bci stali, zapewnia odporno\u015b\u0107 na \u015bcieranie, r\u00f3wnomiern\u0105 prac\u0119 oraz d\u0142ug\u0105 \u017cywotno\u015b\u0107 w trudnych warunkach glebowych.<\/p>\n","protected":false},"featured_media":3709,"comment_status":"closed","ping_status":"closed","template":"","meta":{"_bst_post_transparent":"","_bst_post_title":"","_bst_post_layout":"","_bst_post_sidebar_id":"","_bst_post_content_style":"","_bst_post_vertical_padding":"","_bst_post_feature":"","_bst_post_feature_position":"","_bst_post_header":false,"_bst_post_footer":false},"product_brand":[141],"product_cat":[102],"product_tag":[],"product_brands":[110],"class_list":{"0":"post-3655","1":"product","2":"type-product","3":"status-publish","4":"has-post-thumbnail","6":"product_brand-vaderstad","7":"product_cat-maszyny-uprawowe","8":"product_brands-vaderstad","10":"first","11":"onbackorder","12":"purchasable","13":"product-type-simple","14":"entry","15":"content-bg","16":"loop-entry"},"jetpack_sharing_enabled":true,"_links":{"self":[{"href":"https:\/\/agrodrive.pl\/index.php?rest_route=\/wp\/v2\/product\/3655","targetHints":{"allow":["GET"]}}],"collection":[{"href":"https:\/\/agrodrive.pl\/index.php?rest_route=\/wp\/v2\/product"}],"about":[{"href":"https:\/\/agrodrive.pl\/index.php?rest_route=\/wp\/v2\/types\/product"}],"replies":[{"embeddable":true,"href":"https:\/\/agrodrive.pl\/index.php?rest_route=%2Fwp%2Fv2%2Fcomments&post=3655"}],"wp:featuredmedia":[{"embeddable":true,"href":"https:\/\/agrodrive.pl\/index.php?rest_route=\/wp\/v2\/media\/3709"}],"wp:attachment":[{"href":"https:\/\/agrodrive.pl\/index.php?rest_route=%2Fwp%2Fv2%2Fmedia&parent=3655"}],"wp:term":[{"taxonomy":"product_brand","embeddable":true,"href":"https:\/\/agrodrive.pl\/index.php?rest_route=%2Fwp%2Fv2%2Fproduct_brand&post=3655"},{"taxonomy":"product_cat","embeddable":true,"href":"https:\/\/agrodrive.pl\/index.php?rest_route=%2Fwp%2Fv2%2Fproduct_cat&post=3655"},{"taxonomy":"product_tag","embeddable":true,"href":"https:\/\/agrodrive.pl\/index.php?rest_route=%2Fwp%2Fv2%2Fproduct_tag&post=3655"},{"taxonomy":"product_brands","embeddable":true,"href":"https:\/\/agrodrive.pl\/index.php?rest_route=%2Fwp%2Fv2%2Fproduct_brands&post=3655"}],"curies":[{"name":"wp","href":"https:\/\/api.w.org\/{rel}","templated":true}]}}