{"id":3652,"date":"2026-01-06T19:32:35","date_gmt":"2026-01-06T18:32:35","guid":{"rendered":"http:\/\/agrodrive.pl\/?post_type=product&#038;p=3652"},"modified":"2026-01-06T20:01:50","modified_gmt":"2026-01-06T19:01:50","slug":"talerz-stozkowy-truecut-o470-vaderstad","status":"publish","type":"product","link":"https:\/\/agrodrive.pl\/?product=talerz-stozkowy-truecut-o470-vaderstad","title":{"rendered":"Talerz sto\u017ckowy TrueCut \u00d8470 Vaderstad"},"content":{"rendered":"<p>Pasuje do:<\/p>\n<p>Vaderstad Carrier X 425, Carrier X 525, Carrier 300, Carrier 350, Carrier 400, Carrier 1225, Carrier 925, Carrier X 625, Carrier 420-820, Carrier 420-500S, Carrier 420, Carrier 500, Carrier 820, Carrier 650, Carrier XL 625, Carrier XL 725, Carrier XT 625, Carrier XT 525, Carrier XT 425, TopDown 900, TopDown 400, TopDown 500, TopDown 600, TopDown 700, Carrier XL 425, Carrier XL 525, TopDown 300, Parts Catalogue, Carrier L\/XL 425-825, Carrier X 425-625, Palety, Carrier 300-400, Carrier 925-1225|Carrier 925-1225XL, Carrier XL 925, Carrier XL 1225, TopDown 300-900<\/p>\n","protected":false},"excerpt":{"rendered":"<p>Zwi\u0119ksz wydajno\u015b\u0107 pracy w polu z talerzem sto\u017ckowym TrueCut \u00d8470 Vaderstad! \u2699\ufe0f Solidny, trwa\u0142y i precyzyjny \u2013 idealny do ci\u0119cia i mieszania resztek ro\u015blinnych.<br \/>\n\ud83d\udc49 Zam\u00f3w oryginalny talerz Vaderstad ju\u017c dzi\u015b i zapewnij swojej maszynie maksymaln\u0105 skuteczno\u015b\u0107!<\/p>\n","protected":false},"featured_media":3706,"comment_status":"closed","ping_status":"closed","template":"","meta":{"_bst_post_transparent":"","_bst_post_title":"","_bst_post_layout":"","_bst_post_sidebar_id":"","_bst_post_content_style":"","_bst_post_vertical_padding":"","_bst_post_feature":"","_bst_post_feature_position":"","_bst_post_header":false,"_bst_post_footer":false},"product_brand":[141],"product_cat":[102],"product_tag":[],"product_brands":[110],"class_list":{"0":"post-3652","1":"product","2":"type-product","3":"status-publish","4":"has-post-thumbnail","6":"product_brand-vaderstad","7":"product_cat-maszyny-uprawowe","8":"product_brands-vaderstad","10":"first","11":"instock","12":"purchasable","13":"product-type-simple","14":"entry","15":"content-bg","16":"loop-entry"},"jetpack_sharing_enabled":true,"_links":{"self":[{"href":"https:\/\/agrodrive.pl\/index.php?rest_route=\/wp\/v2\/product\/3652","targetHints":{"allow":["GET"]}}],"collection":[{"href":"https:\/\/agrodrive.pl\/index.php?rest_route=\/wp\/v2\/product"}],"about":[{"href":"https:\/\/agrodrive.pl\/index.php?rest_route=\/wp\/v2\/types\/product"}],"replies":[{"embeddable":true,"href":"https:\/\/agrodrive.pl\/index.php?rest_route=%2Fwp%2Fv2%2Fcomments&post=3652"}],"wp:featuredmedia":[{"embeddable":true,"href":"https:\/\/agrodrive.pl\/index.php?rest_route=\/wp\/v2\/media\/3706"}],"wp:attachment":[{"href":"https:\/\/agrodrive.pl\/index.php?rest_route=%2Fwp%2Fv2%2Fmedia&parent=3652"}],"wp:term":[{"taxonomy":"product_brand","embeddable":true,"href":"https:\/\/agrodrive.pl\/index.php?rest_route=%2Fwp%2Fv2%2Fproduct_brand&post=3652"},{"taxonomy":"product_cat","embeddable":true,"href":"https:\/\/agrodrive.pl\/index.php?rest_route=%2Fwp%2Fv2%2Fproduct_cat&post=3652"},{"taxonomy":"product_tag","embeddable":true,"href":"https:\/\/agrodrive.pl\/index.php?rest_route=%2Fwp%2Fv2%2Fproduct_tag&post=3652"},{"taxonomy":"product_brands","embeddable":true,"href":"https:\/\/agrodrive.pl\/index.php?rest_route=%2Fwp%2Fv2%2Fproduct_brands&post=3652"}],"curies":[{"name":"wp","href":"https:\/\/api.w.org\/{rel}","templated":true}]}}