{"id":3650,"date":"2026-01-06T19:32:35","date_gmt":"2026-01-06T18:32:35","guid":{"rendered":"http:\/\/agrodrive.pl\/?post_type=product&#038;p=3650"},"modified":"2026-01-06T20:01:32","modified_gmt":"2026-01-06T19:01:32","slug":"redlica-nasienna-prawa-vaderstad","status":"publish","type":"product","link":"https:\/\/agrodrive.pl\/?product=redlica-nasienna-prawa-vaderstad","title":{"rendered":"Redlica nasienna prawa Vaderstad"},"content":{"rendered":"<p>Pasuje do:<\/p>\n<p>Vaderstad Rapid A 600J, Rapid A 800J, Rapid A 600C, Rapid A 800C, Rapid 400C, Rapid 400S, Rapid A 800S, Rapid A 400S, Rapid A 600S, Spirit 800C, Rapid 300C, Rapid 300S, Spirit 900C, Spirit 400C, Spirit 600C, Parts Catalogue, Rapid A 400-450S, Rapid 300-400C\/S, Rapid A 600-800S, Rapid P 300-450, Rapid P 600-800, Rapid P 500-800, Rapid A 500-800S, Spirit 600-900C, Tempo F 6-8, Rapid A 600-800C, Rapid A 400-800S, Rapid P 300-500, Rapid A 600-800J<\/p>\n","protected":false},"excerpt":{"rendered":"<p>Redlica nasienna prawa Vaderstad umo\u017cliwia precyzyjne prowadzenie nasion w glebie, minimalizuj\u0105c straty i poprawiaj\u0105c jako\u015b\u0107 wysiewu. Dzi\u0119ki trwa\u0142ej konstrukcji jest niezawodna i kompatybilna z maszynami Vaderstad, zapewniaj\u0105c d\u0142ugotrwa\u0142\u0105 prac\u0119 w polu.<\/p>\n","protected":false},"featured_media":3704,"comment_status":"closed","ping_status":"closed","template":"","meta":{"_bst_post_transparent":"","_bst_post_title":"","_bst_post_layout":"","_bst_post_sidebar_id":"","_bst_post_content_style":"","_bst_post_vertical_padding":"","_bst_post_feature":"","_bst_post_feature_position":"","_bst_post_header":false,"_bst_post_footer":false},"product_brand":[141],"product_cat":[102],"product_tag":[],"product_brands":[110],"class_list":{"0":"post-3650","1":"product","2":"type-product","3":"status-publish","4":"has-post-thumbnail","6":"product_brand-vaderstad","7":"product_cat-maszyny-uprawowe","8":"product_brands-vaderstad","10":"first","11":"instock","12":"purchasable","13":"product-type-simple","14":"entry","15":"content-bg","16":"loop-entry"},"jetpack_sharing_enabled":true,"_links":{"self":[{"href":"https:\/\/agrodrive.pl\/index.php?rest_route=\/wp\/v2\/product\/3650","targetHints":{"allow":["GET"]}}],"collection":[{"href":"https:\/\/agrodrive.pl\/index.php?rest_route=\/wp\/v2\/product"}],"about":[{"href":"https:\/\/agrodrive.pl\/index.php?rest_route=\/wp\/v2\/types\/product"}],"replies":[{"embeddable":true,"href":"https:\/\/agrodrive.pl\/index.php?rest_route=%2Fwp%2Fv2%2Fcomments&post=3650"}],"wp:featuredmedia":[{"embeddable":true,"href":"https:\/\/agrodrive.pl\/index.php?rest_route=\/wp\/v2\/media\/3704"}],"wp:attachment":[{"href":"https:\/\/agrodrive.pl\/index.php?rest_route=%2Fwp%2Fv2%2Fmedia&parent=3650"}],"wp:term":[{"taxonomy":"product_brand","embeddable":true,"href":"https:\/\/agrodrive.pl\/index.php?rest_route=%2Fwp%2Fv2%2Fproduct_brand&post=3650"},{"taxonomy":"product_cat","embeddable":true,"href":"https:\/\/agrodrive.pl\/index.php?rest_route=%2Fwp%2Fv2%2Fproduct_cat&post=3650"},{"taxonomy":"product_tag","embeddable":true,"href":"https:\/\/agrodrive.pl\/index.php?rest_route=%2Fwp%2Fv2%2Fproduct_tag&post=3650"},{"taxonomy":"product_brands","embeddable":true,"href":"https:\/\/agrodrive.pl\/index.php?rest_route=%2Fwp%2Fv2%2Fproduct_brands&post=3650"}],"curies":[{"name":"wp","href":"https:\/\/api.w.org\/{rel}","templated":true}]}}