{"id":3649,"date":"2026-01-06T19:32:35","date_gmt":"2026-01-06T18:32:35","guid":{"rendered":"http:\/\/agrodrive.pl\/?post_type=product&#038;p=3649"},"modified":"2026-01-06T20:01:23","modified_gmt":"2026-01-06T19:01:23","slug":"redlica-nasienna-lewa-vaderstad-432116","status":"publish","type":"product","link":"https:\/\/agrodrive.pl\/?product=redlica-nasienna-lewa-vaderstad-432116","title":{"rendered":"Redlica nasienna lewa Vaderstad 432116"},"content":{"rendered":"<p>Pasuje do:<\/p>\n<p>Vaderdstad Rapid A 600J, Rapid A 800J, Rapid A 600C, Rapid A 800C, Spirit 800C, Rapid A 400S, Rapid A 600S, Rapid A 800S, Spirit 900C, Spirit 400C, Spirit 600C, Rapid 300C, Rapid 400C, Rapid 300S, Rapid 400S, Parts Catalogue, Rapid A 400-450S, Rapid 300-400C\/S, Rapid A 600-800S, Rapid P 300-450, Rapid P 600-800, Rapid P 500-800, Rapid A 600-800C, Rapid A 500-800S, Rapid A 400-800S, Palety, Spirit 600-900C, Tempo F 6-8, Rapid F 300-450, Rapid F 500-800, Rapid P 300-500, Rapid A 600-800J<\/p>\n","protected":false},"excerpt":{"rendered":"<p>Zadbaj o dok\u0142adny i r\u00f3wny siew z redlic\u0105 nasienn\u0105 lew\u0105 Vaderstad! \ud83c\udf31 Trwa\u0142a, precyzyjna i idealnie dopasowana do siewnik\u00f3w Vaderstad \u2013 gwarantuje najwy\u017csz\u0105 jako\u015b\u0107 wysiewu.<br \/>\n\ud83d\udc49 Zam\u00f3w oryginaln\u0105 redlic\u0119 Vaderstad ju\u017c dzi\u015b i popraw efektywno\u015b\u0107 swojego siewnika!<\/p>\n","protected":false},"featured_media":3703,"comment_status":"closed","ping_status":"closed","template":"","meta":{"_bst_post_transparent":"","_bst_post_title":"","_bst_post_layout":"","_bst_post_sidebar_id":"","_bst_post_content_style":"","_bst_post_vertical_padding":"","_bst_post_feature":"","_bst_post_feature_position":"","_bst_post_header":false,"_bst_post_footer":false},"product_brand":[141],"product_cat":[102],"product_tag":[],"product_brands":[110],"class_list":{"0":"post-3649","1":"product","2":"type-product","3":"status-publish","4":"has-post-thumbnail","6":"product_brand-vaderstad","7":"product_cat-maszyny-uprawowe","8":"product_brands-vaderstad","10":"first","11":"instock","12":"purchasable","13":"product-type-simple","14":"entry","15":"content-bg","16":"loop-entry"},"jetpack_sharing_enabled":true,"_links":{"self":[{"href":"https:\/\/agrodrive.pl\/index.php?rest_route=\/wp\/v2\/product\/3649","targetHints":{"allow":["GET"]}}],"collection":[{"href":"https:\/\/agrodrive.pl\/index.php?rest_route=\/wp\/v2\/product"}],"about":[{"href":"https:\/\/agrodrive.pl\/index.php?rest_route=\/wp\/v2\/types\/product"}],"replies":[{"embeddable":true,"href":"https:\/\/agrodrive.pl\/index.php?rest_route=%2Fwp%2Fv2%2Fcomments&post=3649"}],"wp:featuredmedia":[{"embeddable":true,"href":"https:\/\/agrodrive.pl\/index.php?rest_route=\/wp\/v2\/media\/3703"}],"wp:attachment":[{"href":"https:\/\/agrodrive.pl\/index.php?rest_route=%2Fwp%2Fv2%2Fmedia&parent=3649"}],"wp:term":[{"taxonomy":"product_brand","embeddable":true,"href":"https:\/\/agrodrive.pl\/index.php?rest_route=%2Fwp%2Fv2%2Fproduct_brand&post=3649"},{"taxonomy":"product_cat","embeddable":true,"href":"https:\/\/agrodrive.pl\/index.php?rest_route=%2Fwp%2Fv2%2Fproduct_cat&post=3649"},{"taxonomy":"product_tag","embeddable":true,"href":"https:\/\/agrodrive.pl\/index.php?rest_route=%2Fwp%2Fv2%2Fproduct_tag&post=3649"},{"taxonomy":"product_brands","embeddable":true,"href":"https:\/\/agrodrive.pl\/index.php?rest_route=%2Fwp%2Fv2%2Fproduct_brands&post=3649"}],"curies":[{"name":"wp","href":"https:\/\/api.w.org\/{rel}","templated":true}]}}