{"id":3647,"date":"2026-01-06T19:32:34","date_gmt":"2026-01-06T18:32:34","guid":{"rendered":"http:\/\/agrodrive.pl\/?post_type=product&#038;p=3647"},"modified":"2026-01-06T20:05:16","modified_gmt":"2026-01-06T19:05:16","slug":"redlica-nasienna-lewa-vaderstad-307107","status":"publish","type":"product","link":"https:\/\/agrodrive.pl\/?product=redlica-nasienna-lewa-vaderstad-307107","title":{"rendered":"Redlica nasienna lewa Vaderstad 307107"},"content":{"rendered":"<p>Pasuje do:<\/p>\n<p>Vaderstad Rapid 300-400C\/S, Rapid P 600-800, Rapid P 300-500<\/p>\n","protected":false},"excerpt":{"rendered":"<p>Redlica nasienna lewa Vaderstad gwarantuje precyzyjny siew, minimalne straty nasion i r\u00f3wnomierne rozmieszczenie ich w glebie. Solidne wykonanie zapewnia trwa\u0142o\u015b\u0107 i niezawodno\u015b\u0107, nawet przy intensywnej eksploatacji.<\/p>\n","protected":false},"featured_media":3687,"comment_status":"closed","ping_status":"closed","template":"","meta":{"_bst_post_transparent":"","_bst_post_title":"","_bst_post_layout":"","_bst_post_sidebar_id":"","_bst_post_content_style":"","_bst_post_vertical_padding":"","_bst_post_feature":"","_bst_post_feature_position":"","_bst_post_header":false,"_bst_post_footer":false},"product_brand":[141],"product_cat":[102],"product_tag":[],"product_brands":[110],"class_list":{"0":"post-3647","1":"product","2":"type-product","3":"status-publish","4":"has-post-thumbnail","6":"product_brand-vaderstad","7":"product_cat-maszyny-uprawowe","8":"product_brands-vaderstad","10":"first","11":"onbackorder","12":"purchasable","13":"product-type-simple","14":"entry","15":"content-bg","16":"loop-entry"},"jetpack_sharing_enabled":true,"_links":{"self":[{"href":"https:\/\/agrodrive.pl\/index.php?rest_route=\/wp\/v2\/product\/3647","targetHints":{"allow":["GET"]}}],"collection":[{"href":"https:\/\/agrodrive.pl\/index.php?rest_route=\/wp\/v2\/product"}],"about":[{"href":"https:\/\/agrodrive.pl\/index.php?rest_route=\/wp\/v2\/types\/product"}],"replies":[{"embeddable":true,"href":"https:\/\/agrodrive.pl\/index.php?rest_route=%2Fwp%2Fv2%2Fcomments&post=3647"}],"wp:featuredmedia":[{"embeddable":true,"href":"https:\/\/agrodrive.pl\/index.php?rest_route=\/wp\/v2\/media\/3687"}],"wp:attachment":[{"href":"https:\/\/agrodrive.pl\/index.php?rest_route=%2Fwp%2Fv2%2Fmedia&parent=3647"}],"wp:term":[{"taxonomy":"product_brand","embeddable":true,"href":"https:\/\/agrodrive.pl\/index.php?rest_route=%2Fwp%2Fv2%2Fproduct_brand&post=3647"},{"taxonomy":"product_cat","embeddable":true,"href":"https:\/\/agrodrive.pl\/index.php?rest_route=%2Fwp%2Fv2%2Fproduct_cat&post=3647"},{"taxonomy":"product_tag","embeddable":true,"href":"https:\/\/agrodrive.pl\/index.php?rest_route=%2Fwp%2Fv2%2Fproduct_tag&post=3647"},{"taxonomy":"product_brands","embeddable":true,"href":"https:\/\/agrodrive.pl\/index.php?rest_route=%2Fwp%2Fv2%2Fproduct_brands&post=3647"}],"curies":[{"name":"wp","href":"https:\/\/api.w.org\/{rel}","templated":true}]}}