{"id":3645,"date":"2026-01-06T19:32:34","date_gmt":"2026-01-06T18:32:34","guid":{"rendered":"http:\/\/agrodrive.pl\/?post_type=product&#038;p=3645"},"modified":"2026-01-06T20:04:12","modified_gmt":"2026-01-06T19:04:12","slug":"redlica-nasienna-lewa-vaderstad-191167","status":"publish","type":"product","link":"https:\/\/agrodrive.pl\/?product=redlica-nasienna-lewa-vaderstad-191167","title":{"rendered":"Redlica nasienna lewa Vaderstad 191167"},"content":{"rendered":"<p>Pasuje do:<\/p>\n<p>Vaderstad Rapid A 600J, Rapid A 800J, Rapid A 600C, Rapid A 800C, Rapid A 400S, Rapid A 600S, Rapid A 800S, Parts Catalogue, Palety, Rapid A 600-800C, Rapid A 400-800S, Rapid 300-400C\/S, Rapid A 600-800J, Rapid A 600-800S<\/p>\n","protected":false},"excerpt":{"rendered":"<p>Zadbaj o dok\u0142adny i r\u00f3wny siew z redlic\u0105 nasienn\u0105 lew\u0105 Vaderstad! \ud83c\udf31 Trwa\u0142a, precyzyjna i idealnie dopasowana do siewnik\u00f3w Vaderstad \u2013 gwarantuje najwy\u017csz\u0105 jako\u015b\u0107 wysiewu.<br \/>\n\ud83d\udc49 Zam\u00f3w oryginaln\u0105 redlic\u0119 Vaderstad ju\u017c dzi\u015b i popraw efektywno\u015b\u0107 swojego siewnika!<\/p>\n","protected":false},"featured_media":3685,"comment_status":"closed","ping_status":"closed","template":"","meta":{"_bst_post_transparent":"","_bst_post_title":"","_bst_post_layout":"","_bst_post_sidebar_id":"","_bst_post_content_style":"","_bst_post_vertical_padding":"","_bst_post_feature":"","_bst_post_feature_position":"","_bst_post_header":false,"_bst_post_footer":false},"product_brand":[141],"product_cat":[102],"product_tag":[],"product_brands":[110],"class_list":{"0":"post-3645","1":"product","2":"type-product","3":"status-publish","4":"has-post-thumbnail","6":"product_brand-vaderstad","7":"product_cat-maszyny-uprawowe","8":"product_brands-vaderstad","10":"first","11":"onbackorder","12":"purchasable","13":"product-type-simple","14":"entry","15":"content-bg","16":"loop-entry"},"jetpack_sharing_enabled":true,"_links":{"self":[{"href":"https:\/\/agrodrive.pl\/index.php?rest_route=\/wp\/v2\/product\/3645","targetHints":{"allow":["GET"]}}],"collection":[{"href":"https:\/\/agrodrive.pl\/index.php?rest_route=\/wp\/v2\/product"}],"about":[{"href":"https:\/\/agrodrive.pl\/index.php?rest_route=\/wp\/v2\/types\/product"}],"replies":[{"embeddable":true,"href":"https:\/\/agrodrive.pl\/index.php?rest_route=%2Fwp%2Fv2%2Fcomments&post=3645"}],"wp:featuredmedia":[{"embeddable":true,"href":"https:\/\/agrodrive.pl\/index.php?rest_route=\/wp\/v2\/media\/3685"}],"wp:attachment":[{"href":"https:\/\/agrodrive.pl\/index.php?rest_route=%2Fwp%2Fv2%2Fmedia&parent=3645"}],"wp:term":[{"taxonomy":"product_brand","embeddable":true,"href":"https:\/\/agrodrive.pl\/index.php?rest_route=%2Fwp%2Fv2%2Fproduct_brand&post=3645"},{"taxonomy":"product_cat","embeddable":true,"href":"https:\/\/agrodrive.pl\/index.php?rest_route=%2Fwp%2Fv2%2Fproduct_cat&post=3645"},{"taxonomy":"product_tag","embeddable":true,"href":"https:\/\/agrodrive.pl\/index.php?rest_route=%2Fwp%2Fv2%2Fproduct_tag&post=3645"},{"taxonomy":"product_brands","embeddable":true,"href":"https:\/\/agrodrive.pl\/index.php?rest_route=%2Fwp%2Fv2%2Fproduct_brands&post=3645"}],"curies":[{"name":"wp","href":"https:\/\/api.w.org\/{rel}","templated":true}]}}