{"id":3643,"date":"2026-01-06T19:32:34","date_gmt":"2026-01-06T18:32:34","guid":{"rendered":"http:\/\/agrodrive.pl\/?post_type=product&#038;p=3643"},"modified":"2026-01-06T20:20:10","modified_gmt":"2026-01-06T19:20:10","slug":"redlica-nawozowa-lewa-vaderstad-432120","status":"publish","type":"product","link":"https:\/\/agrodrive.pl\/?product=redlica-nawozowa-lewa-vaderstad-432120","title":{"rendered":"Redlica nawozowa lewa Vaderstad 432120"},"content":{"rendered":"<p>Pasuje do:<\/p>\n<p>Vaderstad Rapid 300C, Rapid 400C, Rapid 300-400C\/S<\/p>\n","protected":false},"excerpt":{"rendered":"<p>Zwi\u0119ksz skuteczno\u015b\u0107 nawo\u017cenia z redlic\u0105 nawozow\u0105 lew\u0105 Vaderstad! \u2699\ufe0f Solidna, precyzyjna i idealnie dopasowana do maszyn Vaderstad \u2013 zapewnia r\u00f3wnomierne i efektywne podanie nawozu.<br \/>\n\ud83d\udc49 Zam\u00f3w oryginaln\u0105 redlic\u0119 Vaderstad ju\u017c dzi\u015b i zadbaj o lepsze plony!<\/p>\n","protected":false},"featured_media":3683,"comment_status":"closed","ping_status":"closed","template":"","meta":{"_bst_post_transparent":"default","_bst_post_title":"","_bst_post_layout":"default","_bst_post_sidebar_id":"","_bst_post_content_style":"default","_bst_post_vertical_padding":"default","_bst_post_feature":"","_bst_post_feature_position":"","_bst_post_header":false,"_bst_post_footer":false},"product_brand":[141],"product_cat":[102],"product_tag":[],"product_brands":[110],"class_list":{"0":"post-3643","1":"product","2":"type-product","3":"status-publish","4":"has-post-thumbnail","6":"product_brand-vaderstad","7":"product_cat-maszyny-uprawowe","8":"product_brands-vaderstad","10":"first","11":"instock","12":"featured","13":"purchasable","14":"product-type-simple","15":"entry","16":"content-bg","17":"loop-entry"},"jetpack_sharing_enabled":true,"_links":{"self":[{"href":"https:\/\/agrodrive.pl\/index.php?rest_route=\/wp\/v2\/product\/3643","targetHints":{"allow":["GET"]}}],"collection":[{"href":"https:\/\/agrodrive.pl\/index.php?rest_route=\/wp\/v2\/product"}],"about":[{"href":"https:\/\/agrodrive.pl\/index.php?rest_route=\/wp\/v2\/types\/product"}],"replies":[{"embeddable":true,"href":"https:\/\/agrodrive.pl\/index.php?rest_route=%2Fwp%2Fv2%2Fcomments&post=3643"}],"wp:featuredmedia":[{"embeddable":true,"href":"https:\/\/agrodrive.pl\/index.php?rest_route=\/wp\/v2\/media\/3683"}],"wp:attachment":[{"href":"https:\/\/agrodrive.pl\/index.php?rest_route=%2Fwp%2Fv2%2Fmedia&parent=3643"}],"wp:term":[{"taxonomy":"product_brand","embeddable":true,"href":"https:\/\/agrodrive.pl\/index.php?rest_route=%2Fwp%2Fv2%2Fproduct_brand&post=3643"},{"taxonomy":"product_cat","embeddable":true,"href":"https:\/\/agrodrive.pl\/index.php?rest_route=%2Fwp%2Fv2%2Fproduct_cat&post=3643"},{"taxonomy":"product_tag","embeddable":true,"href":"https:\/\/agrodrive.pl\/index.php?rest_route=%2Fwp%2Fv2%2Fproduct_tag&post=3643"},{"taxonomy":"product_brands","embeddable":true,"href":"https:\/\/agrodrive.pl\/index.php?rest_route=%2Fwp%2Fv2%2Fproduct_brands&post=3643"}],"curies":[{"name":"wp","href":"https:\/\/api.w.org\/{rel}","templated":true}]}}