{"id":3641,"date":"2026-01-06T19:32:33","date_gmt":"2026-01-06T18:32:33","guid":{"rendered":"http:\/\/agrodrive.pl\/?post_type=product&#038;p=3641"},"modified":"2026-01-06T20:07:21","modified_gmt":"2026-01-06T19:07:21","slug":"redlica-nasienna-lewa-vaderstad-432118","status":"publish","type":"product","link":"https:\/\/agrodrive.pl\/?product=redlica-nasienna-lewa-vaderstad-432118","title":{"rendered":"Redlica nasienna lewa Vaderstad 432118"},"content":{"rendered":"<p>Pasuje do:<\/p>\n<p>Vaderstad Rapid A 600J, Rapid A 800J, Rapid A 600C, Rapid A 800C, Rapid A 400S, Rapid A 600S, Rapid A 800S, Rapid 300C, Rapid 400C, Rapid 300S, Rapid 400S, Parts Catalogue, Rapid 300-400C\/S, Rapid A 600-800S, Rapid A 400-800S, Palety, Rapid A 600-800C, Rapid A 600-800J<\/p>\n","protected":false},"excerpt":{"rendered":"<p>Redlica nasienna lewa Vaderstad to wysokiej jako\u015bci element roboczy przeznaczony do precyzyjnego umieszczania nasion w glebie. Wykonana z wytrzyma\u0142ej stali, zapewnia d\u0142ug\u0105 \u017cywotno\u015b\u0107, odporno\u015b\u0107 na \u015bcieranie oraz r\u00f3wnomierne prowadzenie nasion w ka\u017cdych warunkach polowych.<\/p>\n","protected":false},"featured_media":3681,"comment_status":"closed","ping_status":"closed","template":"","meta":{"_bst_post_transparent":"","_bst_post_title":"","_bst_post_layout":"","_bst_post_sidebar_id":"","_bst_post_content_style":"","_bst_post_vertical_padding":"","_bst_post_feature":"","_bst_post_feature_position":"","_bst_post_header":false,"_bst_post_footer":false},"product_brand":[141],"product_cat":[102],"product_tag":[],"product_brands":[110],"class_list":{"0":"post-3641","1":"product","2":"type-product","3":"status-publish","4":"has-post-thumbnail","6":"product_brand-vaderstad","7":"product_cat-maszyny-uprawowe","8":"product_brands-vaderstad","10":"first","11":"onbackorder","12":"purchasable","13":"product-type-simple","14":"entry","15":"content-bg","16":"loop-entry"},"jetpack_sharing_enabled":true,"_links":{"self":[{"href":"https:\/\/agrodrive.pl\/index.php?rest_route=\/wp\/v2\/product\/3641","targetHints":{"allow":["GET"]}}],"collection":[{"href":"https:\/\/agrodrive.pl\/index.php?rest_route=\/wp\/v2\/product"}],"about":[{"href":"https:\/\/agrodrive.pl\/index.php?rest_route=\/wp\/v2\/types\/product"}],"replies":[{"embeddable":true,"href":"https:\/\/agrodrive.pl\/index.php?rest_route=%2Fwp%2Fv2%2Fcomments&post=3641"}],"wp:featuredmedia":[{"embeddable":true,"href":"https:\/\/agrodrive.pl\/index.php?rest_route=\/wp\/v2\/media\/3681"}],"wp:attachment":[{"href":"https:\/\/agrodrive.pl\/index.php?rest_route=%2Fwp%2Fv2%2Fmedia&parent=3641"}],"wp:term":[{"taxonomy":"product_brand","embeddable":true,"href":"https:\/\/agrodrive.pl\/index.php?rest_route=%2Fwp%2Fv2%2Fproduct_brand&post=3641"},{"taxonomy":"product_cat","embeddable":true,"href":"https:\/\/agrodrive.pl\/index.php?rest_route=%2Fwp%2Fv2%2Fproduct_cat&post=3641"},{"taxonomy":"product_tag","embeddable":true,"href":"https:\/\/agrodrive.pl\/index.php?rest_route=%2Fwp%2Fv2%2Fproduct_tag&post=3641"},{"taxonomy":"product_brands","embeddable":true,"href":"https:\/\/agrodrive.pl\/index.php?rest_route=%2Fwp%2Fv2%2Fproduct_brands&post=3641"}],"curies":[{"name":"wp","href":"https:\/\/api.w.org\/{rel}","templated":true}]}}