{"id":3640,"date":"2026-01-06T19:32:33","date_gmt":"2026-01-06T18:32:33","guid":{"rendered":"http:\/\/agrodrive.pl\/?post_type=product&#038;p=3640"},"modified":"2026-01-06T20:06:57","modified_gmt":"2026-01-06T19:06:57","slug":"specjalna-sruba-m12-x-1-25-10-9","status":"publish","type":"product","link":"https:\/\/agrodrive.pl\/?product=specjalna-sruba-m12-x-1-25-10-9","title":{"rendered":"Specjalna \u015bruba M12 x 1.25 10.9"},"content":{"rendered":"<p>Pasuje do:<\/p>\n<p>Vaderstad Spirit 400-900S, Rapid 300-400C\/S, Carrier 1025-1225, Cultus 300-400, Cultus 300-620, Carrier 420-820, Cultus 420-620, Swift 400-870, Carrier X 425-625, Spirit 600C, Carrier L\/XL 425-825, Rapid A 400-800S, Spirit 400C, Spirit R 300-400S, CarrierDrill 300S, Rapid A 600-800J, Carrier 925-1225, Spirit R 300S, Spirit 600-900C, TopDown 300-900, Opus 400-700, Rapid A 600J, Rapid A 800J, Rapid A 600C, Rapid A 800C, Rapid A 400S, Rapid A 600S, Rapid 300C, Rapid 400C, Rapid 300S, Rapid 400S, Swift 400, Swift 440, Swift 640, Swift 720, Swift 870, Swift 560, Spirit 800S, Spirit 600S, Spirit 900S, Spirit 400S, Carrier XL 925, Carrier XL 1225, Cultus 400, Cultus 350, Cultus HD 525, Cultus HD 425, Cultus HD 300, Cultus HD 350, Cultus HD 400, Rapid A 400-800S, Opus 500, Opus 600, Opus 700, TopDown 400, TopDown 500, TopDown 600, TopDown 700, Tempo L 12, Tempo L 16, Tempo L 18, Tempo V 6, Tempo V 7, Tempo V 8, Tempo V 9, Tempo V 10, Tempo V 11, Rapid A 600-800C, Seed Hawk 400-800C, Seed Hawk 600C, Seed Hawk 800C, Seed Hawk 900C, Carrier 300-400, Carrier X 425, Carrier X 525, Carrier 300, Carrier 350, Carrier 400, Carrier 500, Carrier 820, Carrier 650, Carrier XT 625, Carrier XT 525, Carrier XT 425, TopDown 900<\/p>\n","protected":false},"excerpt":{"rendered":"<p>Specjalna \u015bruba M12 x 1.25 10.9 do maszyn Vaderstad to wysokiej jako\u015bci element monta\u017cowy wykonany ze stali klasy 10.9, zapewniaj\u0105cy wyj\u0105tkow\u0105 wytrzyma\u0142o\u015b\u0107 i odporno\u015b\u0107 na obci\u0105\u017cenia. Idealna do precyzyjnego \u0142\u0105czenia cz\u0119\u015bci roboczych maszyn Vaderstad, gwarantuj\u0105c stabilno\u015b\u0107 i niezawodno\u015b\u0107 pracy.<\/p>\n","protected":false},"featured_media":3680,"comment_status":"closed","ping_status":"closed","template":"","meta":{"_bst_post_transparent":"","_bst_post_title":"","_bst_post_layout":"","_bst_post_sidebar_id":"","_bst_post_content_style":"","_bst_post_vertical_padding":"","_bst_post_feature":"","_bst_post_feature_position":"","_bst_post_header":false,"_bst_post_footer":false},"product_brand":[141],"product_cat":[102],"product_tag":[],"product_brands":[110],"class_list":{"0":"post-3640","1":"product","2":"type-product","3":"status-publish","4":"has-post-thumbnail","6":"product_brand-vaderstad","7":"product_cat-maszyny-uprawowe","8":"product_brands-vaderstad","10":"first","11":"instock","12":"purchasable","13":"product-type-simple","14":"entry","15":"content-bg","16":"loop-entry"},"jetpack_sharing_enabled":true,"_links":{"self":[{"href":"https:\/\/agrodrive.pl\/index.php?rest_route=\/wp\/v2\/product\/3640","targetHints":{"allow":["GET"]}}],"collection":[{"href":"https:\/\/agrodrive.pl\/index.php?rest_route=\/wp\/v2\/product"}],"about":[{"href":"https:\/\/agrodrive.pl\/index.php?rest_route=\/wp\/v2\/types\/product"}],"replies":[{"embeddable":true,"href":"https:\/\/agrodrive.pl\/index.php?rest_route=%2Fwp%2Fv2%2Fcomments&post=3640"}],"wp:featuredmedia":[{"embeddable":true,"href":"https:\/\/agrodrive.pl\/index.php?rest_route=\/wp\/v2\/media\/3680"}],"wp:attachment":[{"href":"https:\/\/agrodrive.pl\/index.php?rest_route=%2Fwp%2Fv2%2Fmedia&parent=3640"}],"wp:term":[{"taxonomy":"product_brand","embeddable":true,"href":"https:\/\/agrodrive.pl\/index.php?rest_route=%2Fwp%2Fv2%2Fproduct_brand&post=3640"},{"taxonomy":"product_cat","embeddable":true,"href":"https:\/\/agrodrive.pl\/index.php?rest_route=%2Fwp%2Fv2%2Fproduct_cat&post=3640"},{"taxonomy":"product_tag","embeddable":true,"href":"https:\/\/agrodrive.pl\/index.php?rest_route=%2Fwp%2Fv2%2Fproduct_tag&post=3640"},{"taxonomy":"product_brands","embeddable":true,"href":"https:\/\/agrodrive.pl\/index.php?rest_route=%2Fwp%2Fv2%2Fproduct_brands&post=3640"}],"curies":[{"name":"wp","href":"https:\/\/api.w.org\/{rel}","templated":true}]}}