{"id":3639,"date":"2026-01-06T19:32:33","date_gmt":"2026-01-06T18:32:33","guid":{"rendered":"http:\/\/agrodrive.pl\/?post_type=product&#038;p=3639"},"modified":"2026-01-06T20:06:41","modified_gmt":"2026-01-06T19:06:41","slug":"sruba-specjalna-z-lbem-szesciokatnym-m12x16-8-8","status":"publish","type":"product","link":"https:\/\/agrodrive.pl\/?product=sruba-specjalna-z-lbem-szesciokatnym-m12x16-8-8","title":{"rendered":"\u015aruba specjalna z \u0142bem sze\u015bciok\u0105tnym M12x16 8.8"},"content":{"rendered":"<p>Pasuje do:<\/p>\n<p>Vaderstad Spirit 400-900S, NZ Concorde 600-900, Rapid 300-400C\/S, Rapid A 500-800S, Carrier 425, Carrier 420-820, Rapid A 400-450S, Rapid A 600-800S, Rapid P 300-450, Carrier 1025-1225, Rapid F 300-450, Carrier Turf 425, Rapid P 600-800, Rapid P 500-800, Rapid A 400S, Rapid F 500-800, Cultus 400-500|Cultus Q 400-630, Carrier 500-820, Rapid A 600-800C, Rapid A 600-800J, Rapid 30C\/S\/M, Rapid A 600J, Rapid A 600C, Rapid A 600S, Rapid A 800J, Rapid A 800C, Rapid A 800S, Rapid 300C, Rapid 300S, Rapid 400C, Rapid 400S, Spirit 600S, Spirit 600C, Spirit 900C, Spirit 900S, Spirit R 300S, Tempo T 6-7, Tempo R 4-12, Spirit 400-900S|Spirit 400C, Rapid A 400-800S, Tempo F 6-8, Tempo R 4-18, Tempo L 12-16, Spirit 600-900S, Spirit 400C\/S, Spirit R 300S, Tempo L 12-24, Rexius 500-1230, Tempo V 6-12, RexiusTwin 450-1030, Tempo T 6, Tempo T 7, Tempo R 12, Tempo R 6, Tempo R 4, Tempo V 6, Tempo V 7, Tempo V 8, Tempo V 9, Tempo V 10, Tempo V 11, Tempo V 12, Tempo F 6, Tempo F 8, Tempo L 12, Tempo L 16, Tempo L 18, Tempo L 24, Tempo L 32, Liquid fertiliser, Proceed V24, Palety, Carrier Turf 175<\/p>\n","protected":false},"excerpt":{"rendered":"<p>\u015aruba specjalna z \u0142bem sze\u015bciok\u0105tnym M12x16 8.8 do maszyn Vaderstad gwarantuje stabilne i pewne mocowanie cz\u0119\u015bci roboczych. Wysokiej jako\u015bci materia\u0142 i precyzyjne wykonanie minimalizuj\u0105 ryzyko poluzowania, zapewniaj\u0105c d\u0142ugotrwa\u0142\u0105 i bezpieczn\u0105 prac\u0119 maszyn.<\/p>\n","protected":false},"featured_media":3679,"comment_status":"closed","ping_status":"closed","template":"","meta":{"_bst_post_transparent":"default","_bst_post_title":"","_bst_post_layout":"default","_bst_post_sidebar_id":"","_bst_post_content_style":"default","_bst_post_vertical_padding":"default","_bst_post_feature":"","_bst_post_feature_position":"","_bst_post_header":false,"_bst_post_footer":false},"product_brand":[141],"product_cat":[102],"product_tag":[],"product_brands":[110],"class_list":{"0":"post-3639","1":"product","2":"type-product","3":"status-publish","4":"has-post-thumbnail","6":"product_brand-vaderstad","7":"product_cat-maszyny-uprawowe","8":"product_brands-vaderstad","10":"first","11":"instock","12":"purchasable","13":"product-type-simple","14":"entry","15":"content-bg","16":"loop-entry"},"jetpack_sharing_enabled":true,"_links":{"self":[{"href":"https:\/\/agrodrive.pl\/index.php?rest_route=\/wp\/v2\/product\/3639","targetHints":{"allow":["GET"]}}],"collection":[{"href":"https:\/\/agrodrive.pl\/index.php?rest_route=\/wp\/v2\/product"}],"about":[{"href":"https:\/\/agrodrive.pl\/index.php?rest_route=\/wp\/v2\/types\/product"}],"replies":[{"embeddable":true,"href":"https:\/\/agrodrive.pl\/index.php?rest_route=%2Fwp%2Fv2%2Fcomments&post=3639"}],"wp:featuredmedia":[{"embeddable":true,"href":"https:\/\/agrodrive.pl\/index.php?rest_route=\/wp\/v2\/media\/3679"}],"wp:attachment":[{"href":"https:\/\/agrodrive.pl\/index.php?rest_route=%2Fwp%2Fv2%2Fmedia&parent=3639"}],"wp:term":[{"taxonomy":"product_brand","embeddable":true,"href":"https:\/\/agrodrive.pl\/index.php?rest_route=%2Fwp%2Fv2%2Fproduct_brand&post=3639"},{"taxonomy":"product_cat","embeddable":true,"href":"https:\/\/agrodrive.pl\/index.php?rest_route=%2Fwp%2Fv2%2Fproduct_cat&post=3639"},{"taxonomy":"product_tag","embeddable":true,"href":"https:\/\/agrodrive.pl\/index.php?rest_route=%2Fwp%2Fv2%2Fproduct_tag&post=3639"},{"taxonomy":"product_brands","embeddable":true,"href":"https:\/\/agrodrive.pl\/index.php?rest_route=%2Fwp%2Fv2%2Fproduct_brands&post=3639"}],"curies":[{"name":"wp","href":"https:\/\/api.w.org\/{rel}","templated":true}]}}