{"id":3637,"date":"2026-01-06T19:32:33","date_gmt":"2026-01-06T18:32:33","guid":{"rendered":"http:\/\/agrodrive.pl\/?post_type=product&#038;p=3637"},"modified":"2026-01-06T20:05:50","modified_gmt":"2026-01-06T19:05:50","slug":"talerz-stozkowy-o410-vaderstad","status":"publish","type":"product","link":"https:\/\/agrodrive.pl\/?product=talerz-stozkowy-o410-vaderstad","title":{"rendered":"Talerz sto\u017ckowy \u00d8410 Vaderstad"},"content":{"rendered":"<p>Pasuje do:<\/p>\n<p>Vaderstad Rapid 300-400C\/S, Rapid A 400-450S, Rapid A 400-800S, Rapid A 400S, Rapid A 600-800S, Rapid A 600-800C, Rapid A 600-800J, Rapid P 300-450, Rapid P 500-800<\/p>\n","protected":false},"excerpt":{"rendered":"<p>Talerz sto\u017ckowy \u00d8410 Vaderstad gwarantuje skuteczne ci\u0119cie i mieszanie resztek po\u017cniwnych przy minimalnym ryzyku zator\u00f3w. Trwa\u0142a konstrukcja i precyzyjny profil zapewniaj\u0105 niezawodn\u0105 i r\u00f3wn\u0105 prac\u0119 w ka\u017cdych warunkach uprawowych.<\/p>\n","protected":false},"featured_media":3677,"comment_status":"closed","ping_status":"closed","template":"","meta":{"_bst_post_transparent":"","_bst_post_title":"","_bst_post_layout":"","_bst_post_sidebar_id":"","_bst_post_content_style":"","_bst_post_vertical_padding":"","_bst_post_feature":"","_bst_post_feature_position":"","_bst_post_header":false,"_bst_post_footer":false},"product_brand":[141],"product_cat":[102],"product_tag":[],"product_brands":[110],"class_list":{"0":"post-3637","1":"product","2":"type-product","3":"status-publish","4":"has-post-thumbnail","6":"product_brand-vaderstad","7":"product_cat-maszyny-uprawowe","8":"product_brands-vaderstad","10":"first","11":"instock","12":"purchasable","13":"product-type-simple","14":"entry","15":"content-bg","16":"loop-entry"},"jetpack_sharing_enabled":true,"_links":{"self":[{"href":"https:\/\/agrodrive.pl\/index.php?rest_route=\/wp\/v2\/product\/3637","targetHints":{"allow":["GET"]}}],"collection":[{"href":"https:\/\/agrodrive.pl\/index.php?rest_route=\/wp\/v2\/product"}],"about":[{"href":"https:\/\/agrodrive.pl\/index.php?rest_route=\/wp\/v2\/types\/product"}],"replies":[{"embeddable":true,"href":"https:\/\/agrodrive.pl\/index.php?rest_route=%2Fwp%2Fv2%2Fcomments&post=3637"}],"wp:featuredmedia":[{"embeddable":true,"href":"https:\/\/agrodrive.pl\/index.php?rest_route=\/wp\/v2\/media\/3677"}],"wp:attachment":[{"href":"https:\/\/agrodrive.pl\/index.php?rest_route=%2Fwp%2Fv2%2Fmedia&parent=3637"}],"wp:term":[{"taxonomy":"product_brand","embeddable":true,"href":"https:\/\/agrodrive.pl\/index.php?rest_route=%2Fwp%2Fv2%2Fproduct_brand&post=3637"},{"taxonomy":"product_cat","embeddable":true,"href":"https:\/\/agrodrive.pl\/index.php?rest_route=%2Fwp%2Fv2%2Fproduct_cat&post=3637"},{"taxonomy":"product_tag","embeddable":true,"href":"https:\/\/agrodrive.pl\/index.php?rest_route=%2Fwp%2Fv2%2Fproduct_tag&post=3637"},{"taxonomy":"product_brands","embeddable":true,"href":"https:\/\/agrodrive.pl\/index.php?rest_route=%2Fwp%2Fv2%2Fproduct_brands&post=3637"}],"curies":[{"name":"wp","href":"https:\/\/api.w.org\/{rel}","templated":true}]}}