{"id":3636,"date":"2026-01-06T19:32:33","date_gmt":"2026-01-06T18:32:33","guid":{"rendered":"http:\/\/agrodrive.pl\/?post_type=product&#038;p=3636"},"modified":"2026-01-06T20:06:07","modified_gmt":"2026-01-06T19:06:07","slug":"talerz-stozkowy-o450-vaderstad","status":"publish","type":"product","link":"https:\/\/agrodrive.pl\/?product=talerz-stozkowy-o450-vaderstad","title":{"rendered":"Talerz sto\u017ckowy \u00d8450 Vaderstad"},"content":{"rendered":"<p>Pasuje do:<\/p>\n<p>Vaderstad Carrier 300, Carrier 300-400, Carrier 350, Carrier 400, Carrier 420, Carrier 420-500S, Carrier 420-820, Carrier 500, Carrier 650, Carrier 820, Carrier 925, Carrier 925-1225|Carrier 925-1225XL, Carrier 1025-1225, Carrier 1225, Carrier XL 925, Carrier XL 1225, Carrier X 425, Carrier X 425-625, Carrier X 525, Carrier X 625, Carrier XT 425, Carrier XT 525, Carrier XT 625, Carrier L\/XL 425-825, CarrierDrill 300S, TopDown 300, TopDown 300-900, TopDown 400, TopDown 500, TopDown 600, TopDown 700, TopDown 900, Rapid 300-400C\/S, Rapid A 400-800S, Spirit 400-900S, Spirit 400-900S|Spirit 400C, Spirit 400C\/S, Spirit 600C, Spirit 600-900C, Spirit 600-900S, Spirit R 300-400S, Seed Hawk 400-800C<\/p>\n","protected":false},"excerpt":{"rendered":"<p>Talerz sto\u017ckowy \u00d8450 Vaderstad to trwa\u0142y element roboczy przeznaczony do precyzyjnego ci\u0119cia i mieszania resztek po\u017cniwnych w polu. Wykonany z wysokiej jako\u015bci stali, zapewnia odporno\u015b\u0107 na \u015bcieranie, r\u00f3wnomierne dzia\u0142anie i d\u0142ugotrwa\u0142\u0105 niezawodno\u015b\u0107 w ka\u017cdych warunkach glebowych.<\/p>\n","protected":false},"featured_media":3676,"comment_status":"closed","ping_status":"closed","template":"","meta":{"_bst_post_transparent":"","_bst_post_title":"","_bst_post_layout":"","_bst_post_sidebar_id":"","_bst_post_content_style":"","_bst_post_vertical_padding":"","_bst_post_feature":"","_bst_post_feature_position":"","_bst_post_header":false,"_bst_post_footer":false},"product_brand":[141],"product_cat":[102],"product_tag":[],"product_brands":[110],"class_list":{"0":"post-3636","1":"product","2":"type-product","3":"status-publish","4":"has-post-thumbnail","6":"product_brand-vaderstad","7":"product_cat-maszyny-uprawowe","8":"product_brands-vaderstad","10":"first","11":"instock","12":"purchasable","13":"product-type-simple","14":"entry","15":"content-bg","16":"loop-entry"},"jetpack_sharing_enabled":true,"_links":{"self":[{"href":"https:\/\/agrodrive.pl\/index.php?rest_route=\/wp\/v2\/product\/3636","targetHints":{"allow":["GET"]}}],"collection":[{"href":"https:\/\/agrodrive.pl\/index.php?rest_route=\/wp\/v2\/product"}],"about":[{"href":"https:\/\/agrodrive.pl\/index.php?rest_route=\/wp\/v2\/types\/product"}],"replies":[{"embeddable":true,"href":"https:\/\/agrodrive.pl\/index.php?rest_route=%2Fwp%2Fv2%2Fcomments&post=3636"}],"wp:featuredmedia":[{"embeddable":true,"href":"https:\/\/agrodrive.pl\/index.php?rest_route=\/wp\/v2\/media\/3676"}],"wp:attachment":[{"href":"https:\/\/agrodrive.pl\/index.php?rest_route=%2Fwp%2Fv2%2Fmedia&parent=3636"}],"wp:term":[{"taxonomy":"product_brand","embeddable":true,"href":"https:\/\/agrodrive.pl\/index.php?rest_route=%2Fwp%2Fv2%2Fproduct_brand&post=3636"},{"taxonomy":"product_cat","embeddable":true,"href":"https:\/\/agrodrive.pl\/index.php?rest_route=%2Fwp%2Fv2%2Fproduct_cat&post=3636"},{"taxonomy":"product_tag","embeddable":true,"href":"https:\/\/agrodrive.pl\/index.php?rest_route=%2Fwp%2Fv2%2Fproduct_tag&post=3636"},{"taxonomy":"product_brands","embeddable":true,"href":"https:\/\/agrodrive.pl\/index.php?rest_route=%2Fwp%2Fv2%2Fproduct_brands&post=3636"}],"curies":[{"name":"wp","href":"https:\/\/api.w.org\/{rel}","templated":true}]}}