{"id":3632,"date":"2026-01-06T19:32:32","date_gmt":"2026-01-06T18:32:32","guid":{"rendered":"http:\/\/agrodrive.pl\/?post_type=product&#038;p=3632"},"modified":"2026-01-06T20:08:42","modified_gmt":"2026-01-06T19:08:42","slug":"talerz-redlicy-wysiewajacej-o410-vaderstad","status":"publish","type":"product","link":"https:\/\/agrodrive.pl\/?product=talerz-redlicy-wysiewajacej-o410-vaderstad","title":{"rendered":"Talerz redlicy wysiewaj\u0105cej \u00d8410 Vaderstad"},"content":{"rendered":"<p>Pasuje do:<\/p>\n<p>Vaderstad Rapid 300C, Rapid 300S, Rapid 300-400C\/S, Rapid 400C, Rapid 400S, Rapid A 400S, Rapid A 400-800S, Rapid A 600S, Rapid A 600C, Rapid A 600J, Rapid A 600-800C, Rapid A 600-800J, Rapid A 800S, Rapid A 800C, Rapid A 800J, Rapid A 400-450S, Rapid A 600-800S, Rapid A 800-800S<\/p>\n","protected":false},"excerpt":{"rendered":"<p>Talerz redlicy wysiewaj\u0105cej \u00d8410 Vaderstad to wytrzyma\u0142y element roboczy przeznaczony do precyzyjnego wysiewu nasion i nawoz\u00f3w. Wykonany z wysokiej jako\u015bci stali, gwarantuje r\u00f3wnomiern\u0105 prac\u0119, odporno\u015b\u0107 na \u015bcieranie oraz d\u0142ugotrwa\u0142\u0105 niezawodno\u015b\u0107 nawet w trudnych warunkach polowych.<\/p>\n","protected":false},"featured_media":3663,"comment_status":"closed","ping_status":"closed","template":"","meta":{"_bst_post_transparent":"","_bst_post_title":"","_bst_post_layout":"","_bst_post_sidebar_id":"","_bst_post_content_style":"","_bst_post_vertical_padding":"","_bst_post_feature":"","_bst_post_feature_position":"","_bst_post_header":false,"_bst_post_footer":false},"product_brand":[141],"product_cat":[102],"product_tag":[],"product_brands":[110],"class_list":{"0":"post-3632","1":"product","2":"type-product","3":"status-publish","4":"has-post-thumbnail","6":"product_brand-vaderstad","7":"product_cat-maszyny-uprawowe","8":"product_brands-vaderstad","10":"first","11":"onbackorder","12":"purchasable","13":"product-type-simple","14":"entry","15":"content-bg","16":"loop-entry"},"jetpack_sharing_enabled":true,"_links":{"self":[{"href":"https:\/\/agrodrive.pl\/index.php?rest_route=\/wp\/v2\/product\/3632","targetHints":{"allow":["GET"]}}],"collection":[{"href":"https:\/\/agrodrive.pl\/index.php?rest_route=\/wp\/v2\/product"}],"about":[{"href":"https:\/\/agrodrive.pl\/index.php?rest_route=\/wp\/v2\/types\/product"}],"replies":[{"embeddable":true,"href":"https:\/\/agrodrive.pl\/index.php?rest_route=%2Fwp%2Fv2%2Fcomments&post=3632"}],"wp:featuredmedia":[{"embeddable":true,"href":"https:\/\/agrodrive.pl\/index.php?rest_route=\/wp\/v2\/media\/3663"}],"wp:attachment":[{"href":"https:\/\/agrodrive.pl\/index.php?rest_route=%2Fwp%2Fv2%2Fmedia&parent=3632"}],"wp:term":[{"taxonomy":"product_brand","embeddable":true,"href":"https:\/\/agrodrive.pl\/index.php?rest_route=%2Fwp%2Fv2%2Fproduct_brand&post=3632"},{"taxonomy":"product_cat","embeddable":true,"href":"https:\/\/agrodrive.pl\/index.php?rest_route=%2Fwp%2Fv2%2Fproduct_cat&post=3632"},{"taxonomy":"product_tag","embeddable":true,"href":"https:\/\/agrodrive.pl\/index.php?rest_route=%2Fwp%2Fv2%2Fproduct_tag&post=3632"},{"taxonomy":"product_brands","embeddable":true,"href":"https:\/\/agrodrive.pl\/index.php?rest_route=%2Fwp%2Fv2%2Fproduct_brands&post=3632"}],"curies":[{"name":"wp","href":"https:\/\/api.w.org\/{rel}","templated":true}]}}