{"id":3631,"date":"2026-01-06T19:32:32","date_gmt":"2026-01-06T18:32:32","guid":{"rendered":"http:\/\/agrodrive.pl\/?post_type=product&#038;p=3631"},"modified":"2026-01-06T20:08:58","modified_gmt":"2026-01-06T19:08:58","slug":"talerz-plaski-redlicy-wysiewajacej-o410-vaderstad","status":"publish","type":"product","link":"https:\/\/agrodrive.pl\/?product=talerz-plaski-redlicy-wysiewajacej-o410-vaderstad","title":{"rendered":"Talerz p\u0142aski redlicy wysiewaj\u0105cej \u00d8410 Vaderstad"},"content":{"rendered":"<p>Pasuje do:<\/p>\n<p>Vaderstad Rapid A 400S, Rapid A 400-800S, Rapid A 600S, Rapid A 600C, Rapid A 600-800C, Rapid A 600-800J, Rapid A 600J, Rapid A 800S, Rapid A 800C, Rapid A 800J, Rapid 300C, Rapid 300S, Rapid 300-400C\/S, Rapid 400C, Rapid 400S, Spirit 400C, Spirit 600C, Spirit 600-900C, Spirit 800C, Spirit 900C, Tempo F 6-8, Tempo R 4-12, Tempo T 6-7, Parts Catalogue<\/p>\n","protected":false},"excerpt":{"rendered":"<p>Zoptymalizuj precyzj\u0119 wysiewu z talerzem p\u0142askim redlicy wysiewaj\u0105cej \u00d8410 Vaderstad! \u26a1 Trwa\u0142y, wytrzyma\u0142y i precyzyjny \u2013 idealny do maszyn Vaderstad.<br \/>\n\ud83d\udc49 Zam\u00f3w oryginalny talerz Vaderstad ju\u017c dzi\u015b i zapewnij perfekcyjny wysiew w polu!<\/p>\n","protected":false},"featured_media":3662,"comment_status":"closed","ping_status":"closed","template":"","meta":{"_bst_post_transparent":"","_bst_post_title":"","_bst_post_layout":"","_bst_post_sidebar_id":"","_bst_post_content_style":"","_bst_post_vertical_padding":"","_bst_post_feature":"","_bst_post_feature_position":"","_bst_post_header":false,"_bst_post_footer":false},"product_brand":[141],"product_cat":[102],"product_tag":[],"product_brands":[110],"class_list":{"0":"post-3631","1":"product","2":"type-product","3":"status-publish","4":"has-post-thumbnail","6":"product_brand-vaderstad","7":"product_cat-maszyny-uprawowe","8":"product_brands-vaderstad","10":"first","11":"onbackorder","12":"purchasable","13":"product-type-simple","14":"entry","15":"content-bg","16":"loop-entry"},"jetpack_sharing_enabled":true,"_links":{"self":[{"href":"https:\/\/agrodrive.pl\/index.php?rest_route=\/wp\/v2\/product\/3631","targetHints":{"allow":["GET"]}}],"collection":[{"href":"https:\/\/agrodrive.pl\/index.php?rest_route=\/wp\/v2\/product"}],"about":[{"href":"https:\/\/agrodrive.pl\/index.php?rest_route=\/wp\/v2\/types\/product"}],"replies":[{"embeddable":true,"href":"https:\/\/agrodrive.pl\/index.php?rest_route=%2Fwp%2Fv2%2Fcomments&post=3631"}],"wp:featuredmedia":[{"embeddable":true,"href":"https:\/\/agrodrive.pl\/index.php?rest_route=\/wp\/v2\/media\/3662"}],"wp:attachment":[{"href":"https:\/\/agrodrive.pl\/index.php?rest_route=%2Fwp%2Fv2%2Fmedia&parent=3631"}],"wp:term":[{"taxonomy":"product_brand","embeddable":true,"href":"https:\/\/agrodrive.pl\/index.php?rest_route=%2Fwp%2Fv2%2Fproduct_brand&post=3631"},{"taxonomy":"product_cat","embeddable":true,"href":"https:\/\/agrodrive.pl\/index.php?rest_route=%2Fwp%2Fv2%2Fproduct_cat&post=3631"},{"taxonomy":"product_tag","embeddable":true,"href":"https:\/\/agrodrive.pl\/index.php?rest_route=%2Fwp%2Fv2%2Fproduct_tag&post=3631"},{"taxonomy":"product_brands","embeddable":true,"href":"https:\/\/agrodrive.pl\/index.php?rest_route=%2Fwp%2Fv2%2Fproduct_brands&post=3631"}],"curies":[{"name":"wp","href":"https:\/\/api.w.org\/{rel}","templated":true}]}}