{"id":3629,"date":"2026-01-06T19:32:31","date_gmt":"2026-01-06T18:32:31","guid":{"rendered":"http:\/\/agrodrive.pl\/?post_type=product&#038;p=3629"},"modified":"2026-01-06T20:22:34","modified_gmt":"2026-01-06T19:22:34","slug":"opona-190-95-15-do-kola-walu-vaderstad","status":"publish","type":"product","link":"https:\/\/agrodrive.pl\/?product=opona-190-95-15-do-kola-walu-vaderstad","title":{"rendered":"Opona 190\/95-15 do ko\u0142a wa\u0142u Vaderstad"},"content":{"rendered":"<p>Pasuje do:<\/p>\n<p>Vaderstad NZ Mounted 500, NZ Mounted 600, Rapid A 600J, Rapid A 800J, Rapid A 600C, Rapid A 800C, Rapid A 400S, Rapid A 600S, Rapid A 800S, Cultus 400, Cultus 350, Cultus 300, Rapid 300C, Rapid 400C, Rapid 300S, Rapid 400S, Rapid 300-400C\/S, Cultus 300-400, NZ Mini 400-500, Rapid A 400-800S, Spirit R 300-400S, Carrier 420-820, Rapid A 600-800J, Rapid A 600-800C, Cultus HD 300, Cultus HD 350, Cultus HD 400, Seed Hawk 800C, Seed Hawk 900C, Rapid P 300-450, Rapid P 500-800<\/p>\n","protected":false},"excerpt":{"rendered":"<p>Opona 190\/95-15 do ko\u0142a wa\u0142u Vaderstad to wysokiej jako\u015bci element eksploatacyjny przeznaczony do maszyn rolniczych Vaderstad. Wykonana z wytrzyma\u0142ej mieszanki gumowej, zapewnia doskona\u0142\u0105 przyczepno\u015b\u0107, odporno\u015b\u0107 na \u015bcieranie i stabiln\u0105 prac\u0119 w r\u00f3\u017cnych warunkach polowych.<\/p>\n","protected":false},"featured_media":3660,"comment_status":"closed","ping_status":"closed","template":"","meta":{"_bst_post_transparent":"","_bst_post_title":"","_bst_post_layout":"","_bst_post_sidebar_id":"","_bst_post_content_style":"","_bst_post_vertical_padding":"","_bst_post_feature":"","_bst_post_feature_position":"","_bst_post_header":false,"_bst_post_footer":false},"product_brand":[141],"product_cat":[102],"product_tag":[],"product_brands":[110],"class_list":{"0":"post-3629","1":"product","2":"type-product","3":"status-publish","4":"has-post-thumbnail","6":"product_brand-vaderstad","7":"product_cat-maszyny-uprawowe","8":"product_brands-vaderstad","10":"first","11":"instock","12":"purchasable","13":"product-type-simple","14":"entry","15":"content-bg","16":"loop-entry"},"jetpack_sharing_enabled":true,"_links":{"self":[{"href":"https:\/\/agrodrive.pl\/index.php?rest_route=\/wp\/v2\/product\/3629","targetHints":{"allow":["GET"]}}],"collection":[{"href":"https:\/\/agrodrive.pl\/index.php?rest_route=\/wp\/v2\/product"}],"about":[{"href":"https:\/\/agrodrive.pl\/index.php?rest_route=\/wp\/v2\/types\/product"}],"replies":[{"embeddable":true,"href":"https:\/\/agrodrive.pl\/index.php?rest_route=%2Fwp%2Fv2%2Fcomments&post=3629"}],"wp:featuredmedia":[{"embeddable":true,"href":"https:\/\/agrodrive.pl\/index.php?rest_route=\/wp\/v2\/media\/3660"}],"wp:attachment":[{"href":"https:\/\/agrodrive.pl\/index.php?rest_route=%2Fwp%2Fv2%2Fmedia&parent=3629"}],"wp:term":[{"taxonomy":"product_brand","embeddable":true,"href":"https:\/\/agrodrive.pl\/index.php?rest_route=%2Fwp%2Fv2%2Fproduct_brand&post=3629"},{"taxonomy":"product_cat","embeddable":true,"href":"https:\/\/agrodrive.pl\/index.php?rest_route=%2Fwp%2Fv2%2Fproduct_cat&post=3629"},{"taxonomy":"product_tag","embeddable":true,"href":"https:\/\/agrodrive.pl\/index.php?rest_route=%2Fwp%2Fv2%2Fproduct_tag&post=3629"},{"taxonomy":"product_brands","embeddable":true,"href":"https:\/\/agrodrive.pl\/index.php?rest_route=%2Fwp%2Fv2%2Fproduct_brands&post=3629"}],"curies":[{"name":"wp","href":"https:\/\/api.w.org\/{rel}","templated":true}]}}