{"id":3627,"date":"2026-01-06T19:32:31","date_gmt":"2026-01-06T18:32:31","guid":{"rendered":"http:\/\/agrodrive.pl\/?post_type=product&#038;p=3627"},"modified":"2026-01-06T20:09:42","modified_gmt":"2026-01-06T19:09:42","slug":"nakladka-marathon-80-mm-vaderstad","status":"publish","type":"product","link":"https:\/\/agrodrive.pl\/?product=nakladka-marathon-80-mm-vaderstad","title":{"rendered":"Nak\u0142adka Marathon 80 mm Vaderstad"},"content":{"rendered":"<p>Pasuje do:<\/p>\n<p>Vaderstad TopDown 300-900, Cultus 300-525, Cultus HD 300-525, Opus 400-700, Swift 400-870<\/p>\n","protected":false},"excerpt":{"rendered":"<p>Zwi\u0119ksz wydajno\u015b\u0107 i trwa\u0142o\u015b\u0107 swojej maszyny dzi\u0119ki nak\u0142adce Marathon 80 mm Vaderstad! \u2699\ufe0f Wyj\u0105tkowa odporno\u015b\u0107 na zu\u017cycie i idealne dopasowanie do maszyn Vaderstad gwarantuj\u0105 niezawodne dzia\u0142anie przez wiele sezon\u00f3w.<br \/>\n\ud83d\udc49 Zam\u00f3w nak\u0142adk\u0119 Marathon ju\u017c dzi\u015b i pracuj bez przestoj\u00f3w!<\/p>\n","protected":false},"featured_media":3658,"comment_status":"closed","ping_status":"closed","template":"","meta":{"_bst_post_transparent":"","_bst_post_title":"","_bst_post_layout":"","_bst_post_sidebar_id":"","_bst_post_content_style":"","_bst_post_vertical_padding":"","_bst_post_feature":"","_bst_post_feature_position":"","_bst_post_header":false,"_bst_post_footer":false},"product_brand":[141],"product_cat":[102],"product_tag":[],"product_brands":[110],"class_list":{"0":"post-3627","1":"product","2":"type-product","3":"status-publish","4":"has-post-thumbnail","6":"product_brand-vaderstad","7":"product_cat-maszyny-uprawowe","8":"product_brands-vaderstad","10":"first","11":"instock","12":"purchasable","13":"product-type-simple","14":"entry","15":"content-bg","16":"loop-entry"},"jetpack_sharing_enabled":true,"_links":{"self":[{"href":"https:\/\/agrodrive.pl\/index.php?rest_route=\/wp\/v2\/product\/3627","targetHints":{"allow":["GET"]}}],"collection":[{"href":"https:\/\/agrodrive.pl\/index.php?rest_route=\/wp\/v2\/product"}],"about":[{"href":"https:\/\/agrodrive.pl\/index.php?rest_route=\/wp\/v2\/types\/product"}],"replies":[{"embeddable":true,"href":"https:\/\/agrodrive.pl\/index.php?rest_route=%2Fwp%2Fv2%2Fcomments&post=3627"}],"wp:featuredmedia":[{"embeddable":true,"href":"https:\/\/agrodrive.pl\/index.php?rest_route=\/wp\/v2\/media\/3658"}],"wp:attachment":[{"href":"https:\/\/agrodrive.pl\/index.php?rest_route=%2Fwp%2Fv2%2Fmedia&parent=3627"}],"wp:term":[{"taxonomy":"product_brand","embeddable":true,"href":"https:\/\/agrodrive.pl\/index.php?rest_route=%2Fwp%2Fv2%2Fproduct_brand&post=3627"},{"taxonomy":"product_cat","embeddable":true,"href":"https:\/\/agrodrive.pl\/index.php?rest_route=%2Fwp%2Fv2%2Fproduct_cat&post=3627"},{"taxonomy":"product_tag","embeddable":true,"href":"https:\/\/agrodrive.pl\/index.php?rest_route=%2Fwp%2Fv2%2Fproduct_tag&post=3627"},{"taxonomy":"product_brands","embeddable":true,"href":"https:\/\/agrodrive.pl\/index.php?rest_route=%2Fwp%2Fv2%2Fproduct_brands&post=3627"}],"curies":[{"name":"wp","href":"https:\/\/api.w.org\/{rel}","templated":true}]}}